{"id":1330,"date":"2020-04-27T09:36:36","date_gmt":"2020-04-27T09:36:36","guid":{"rendered":"http:\/\/cscee.sem.lv\/?page_id=1330"},"modified":"2026-04-15T13:45:27","modified_gmt":"2026-04-15T13:45:27","slug":"ettevottest-info","status":"publish","type":"page","link":"https:\/\/csc.ee\/et\/ettevottest-info\/","title":{"rendered":"Ettev\u00f5ttest"},"content":{"rendered":"    <div class=\"container narrow-4\">\r\n\n\n\n<div style=\"height:69px\" aria-hidden=\"true\" class=\"wp-block-spacer\"><\/div>\n\n\n\n<h1 class=\"has-text-align-center wp-block-heading\"><strong>CSC TELECOM<\/strong><\/h1>\n\n\n\n<div style=\"height:69px\" aria-hidden=\"true\" class=\"wp-block-spacer\"><\/div>\n\n\n\n<div class=\"wp-block-columns main-columns is-layout-flex wp-container-core-columns-is-layout-9d6595d7 wp-block-columns-is-layout-flex\">\n<div class=\"wp-block-column is-layout-flow wp-block-column-is-layout-flow\" style=\"flex-basis:33.33%\">\n<figure class=\"wp-block-image size-large\"><img loading=\"lazy\" decoding=\"async\" width=\"460\" height=\"686\" src=\"https:\/\/csc.ee\/wp-content\/uploads\/2020\/03\/csc-owl.png\" alt=\"\" class=\"wp-image-445\" srcset=\"https:\/\/csc.ee\/wp-content\/uploads\/2020\/03\/csc-owl.png 460w, https:\/\/csc.ee\/wp-content\/uploads\/2020\/03\/csc-owl-201x300.png 201w, https:\/\/csc.ee\/wp-content\/uploads\/2020\/03\/csc-owl-148x220.png 148w\" sizes=\"auto, (max-width: 460px) 100vw, 460px\" \/><\/figure>\n\n\n\r\n<div class=\"csc-block-rectangle csc-block stretch-md\" style=\"height: 2px; background: #000000;\"><\/div>\n\n\n<div style=\"height:41px\" aria-hidden=\"true\" class=\"wp-block-spacer\"><\/div>\n\n\n\n<p><em><strong><em>Rekvisiidid<\/em>:<\/strong><\/em><\/p>\n\n\n\n<p><em>O\u00dc CSC Telecom Estonia<br><em>Reg.nr<\/em><\/em>.<em>: 14422354<br>KMKR: EE102050660<br>V\u00e4ike-Paala tn 1, Tallinn, Harjumaa, 11415<br>Swedbank, IBAN: EE622200221068854967<\/em><\/p>\n<\/div>\n\n\n\n<div class=\"wp-block-column is-layout-flow wp-block-column-is-layout-flow\" style=\"flex-basis:66.66%\">\n<p>CSC TELECOM tegutseb Eesti telekommunikatsiooni turul juba enam kui 20 aastat. Meie kogemus ja tehnoloogiad v\u00f5imaldavad pakkuda \u00e4riklientidele kvaliteetseid ja kaasaegseid lahendusi, mis parandavad kommunikatsiooni ettev\u00f5tte ja klientide vahel ning samuti lihtsustavad firma igap\u00e4evast t\u00f6\u00f6d.<\/p>\n\n\n\n<p>CSC TELECOM omandas 2020 aasta l\u00f5pus <a data-type=\"URL\" data-id=\"https:\/\/csc.ee\/et\/levikom-it-ari-omandamine\/\" href=\"https:\/\/csc.ee\/et\/levikom-it-ari-omandamine\/\" target=\"_blank\" rel=\"noreferrer noopener\"><span class=\"has-inline-color has-luminous-vivid-orange-color\">Levikom Eesti O\u00dc-le kuuluva IT-\u00e4ri<\/span><\/a><span class=\"has-inline-color has-black-color\">.<\/span> Selle ostu tulemusena on CSC Telecom omandanud t\u00e4iendava kliendiportfelli, tugeva kompetentsuse \u00e4riklientidele IT-teenuste pakkumisel ning samuti kvalifitseeritud ja kogenud IT-meeskonna.<\/p>\n\n\n\n<p><a href=\"https:\/\/csc.ee\/wp-content\/uploads\/2024\/06\/OU-CSC-Telecom-Estonia-TEENUSTE-ULDTINGIMUSED_2024.pdf\" target=\"_blank\" rel=\"noreferrer noopener\"><span style=\"background-color:rgba(0, 0, 0, 0)\" class=\"has-inline-color has-luminous-vivid-orange-color\">O\u00dc CSC Telecom Estonia teenuste \u00fcldtingimused<\/span><\/a><\/p>\n\n\n\n<p><a href=\"https:\/\/csc.ee\/et\/privaatsuse-poliitika\/\" target=\"_blank\" rel=\"noreferrer noopener\"><span style=\"background-color:rgba(0, 0, 0, 0)\" class=\"has-inline-color has-luminous-vivid-orange-color\">Privaatsuse poliitika<\/span><\/a><\/p>\n\n\n\n<p><a href=\"https:\/\/csc.ee\/et\/tco\/\" type=\"link\" id=\"https:\/\/csc.ee\/et\/tco\/\" target=\"_blank\" rel=\"noreferrer noopener\"><mark style=\"background-color:rgba(0, 0, 0, 0)\" class=\"has-inline-color has-luminous-vivid-orange-color\">Terroristliku veebisisu t\u00f5kestamine<\/mark><\/a><\/p>\n\n\n\n<div style=\"height:31px\" aria-hidden=\"true\" class=\"wp-block-spacer\"><\/div>\n\n\n\n<h4 class=\"wp-block-heading\">MISSIOON<\/h4>\n\n\n\n<p><strong><strong>Tagada kvaliteetset sidet ettev\u00f5tte ja klientide vahel.<\/strong><\/strong><\/p>\n\n\n\n<p>CSC TELECOM missiooniks on luua oma klientidele efektiivseid ja usaldusv\u00e4\u00e4rseid telekommunikatsioonilahendusi. Anname endast parima, et ennetada ja rahuldada klientide praegusi ja tulevasi vajadusi, investeerides v\u00f5rgulahendustesse ja pakkudes erinevaid tooteid ja teenuseid.<\/p>\n\n\n\n<div style=\"height:31px\" aria-hidden=\"true\" class=\"wp-block-spacer\"><\/div>\n\n\n\n<h4 class=\"wp-block-heading\">STRATEEGILINE VISIOON<\/h4>\n\n\n\n<p><strong><strong>Panustada telekommunikatsioonilahenduste arendamisse globaalses mastaabis.<\/strong><\/strong><\/p>\n\n\n\n<p>CSC TELECOM \u00fcritab alati parandada oma telekommunikatsiooniteenuste kvaliteeti. Oleme kogenud usaldusv\u00e4\u00e4rne ettev\u00f5te, pikaajalise t\u00f6\u00f6kogemusega Baltimaades ning jagame oma kogemust hea meelega partnerite ja klientidega. Suhtume iga probleemi lahendamisse vastutustundlikult. Meie eesm\u00e4rgiks on pakkuda k\u00f5ikidele klientidele igap\u00e4evases kommunikatsioonis maksimaalset mugavust.<\/p>\n\n\n\n<div style=\"height:31px\" aria-hidden=\"true\" class=\"wp-block-spacer\"><\/div>\n\n\n\n<h4 class=\"wp-block-heading\">V\u00c4\u00c4RTUSED<\/h4>\n\n\n\n<p><strong><strong>Areng<\/strong><\/strong><br>Selleks, et ajaga kaasas k\u00e4ia ning luua aktuaalseid telekommunikatsioonilahendusi \u00e4ri jaoks, t\u00e4iustame ja kaasajastame pakutavaid teenuseid pidevalt.<\/p>\n\n\n\n<p><strong><strong>T\u00f6\u00f6kindlus<\/strong><\/strong><br>Pakume stabiilseid ja kvaliteetseid teenuseid, uusimaid tehnoloogilisi lahendusi ja k\u00f5rgetasemelist klienditeenindust.<\/p>\n\n\n\n<p><strong><strong>K\u00e4ttesaadavus<\/strong><\/strong><br>Oleme oma klientidele alati k\u00e4ttesaadavad. Vastame viivitamatult p\u00e4ringutele, aitame oma kliente ja jagame nendega oma teadmisi.<\/p>\n\n\n\n<p><strong><strong>Tootlikkus<\/strong><\/strong><br>Toetame selliseid telekommunikatsioonilahendusi, mis parandavad suhtluse kvaliteeti ja t\u00f6\u00f6keskkonda ning pakuvad k\u00f5rgetasemelist klienditeenindust.<\/p>\n<\/div>\n<\/div>\n\n\n\n<div style=\"height:79px\" aria-hidden=\"true\" class=\"wp-block-spacer\"><\/div>\n\n\n\n<p><\/p>\n\n\n\r\n<div class=\"csc-block-rectangle csc-block stretch-md\" style=\"height: 2px; background: #c4c4c4;\"><\/div>\n\n\n<div style=\"height:78px\" aria-hidden=\"true\" class=\"wp-block-spacer\"><\/div>\n\n\n\r\n<div class=\"csc-block-contact-form csc-block\">\r\n\r\n            <h3 class=\"title h3 text-center\">V\u00f5ta meiega \u00fchendust!<\/h3>\r\n    \r\n            <div class=\"container narrow-5\">\r\n            \n<div class=\"wpcf7 no-js\" id=\"wpcf7-f1518-o1\" lang=\"lv-LV\" dir=\"ltr\" data-wpcf7-id=\"1518\">\n<div class=\"screen-reader-response\"><p role=\"status\" aria-live=\"polite\" aria-atomic=\"true\"><\/p> <ul><\/ul><\/div>\n<form action=\"\/et\/wp-json\/wp\/v2\/pages\/1330#wpcf7-f1518-o1\" method=\"post\" class=\"wpcf7-form init\" aria-label=\"Contact form\" novalidate=\"novalidate\" data-status=\"init\">\n<fieldset class=\"hidden-fields-container\"><input type=\"hidden\" name=\"_wpcf7\" value=\"1518\" \/><input type=\"hidden\" name=\"_wpcf7_version\" value=\"6.1.5\" \/><input type=\"hidden\" name=\"_wpcf7_locale\" value=\"lv_LV\" \/><input type=\"hidden\" name=\"_wpcf7_unit_tag\" value=\"wpcf7-f1518-o1\" \/><input type=\"hidden\" name=\"_wpcf7_container_post\" value=\"0\" \/><input type=\"hidden\" name=\"_wpcf7_posted_data_hash\" value=\"\" \/>\n<\/fieldset>\n<div class=\"c-row-1 c-row\">\n  <div class=\"c-col\" data-an-type=\"single\" data-an=\"fade-in-from-left\">\n    <label class=\"input-block\">\n      <span class=\"label\">Nimi<\/span>\n      <div class=\"input-wrap\">\n        <span class=\"wpcf7-form-control-wrap\" data-name=\"your-name\"><input size=\"40\" maxlength=\"400\" class=\"wpcf7-form-control wpcf7-text wpcf7-validates-as-required input\" aria-required=\"true\" aria-invalid=\"false\" value=\"\" type=\"text\" name=\"your-name\" \/><\/span>\n      <\/div>\n    <\/label>\n<span id=\"wpcf7-69e03d26f2f25-wrapper\" class=\"wpcf7-form-control-wrap your-first-name-wrap\" style=\"display:none !important; visibility:hidden !important;\"><label for=\"wpcf7-69e03d26f2f25-field\" class=\"hp-message\">Please leave this field empty.<\/label><input id=\"wpcf7-69e03d26f2f25-field\"  class=\"wpcf7-form-control wpcf7-text\" type=\"text\" name=\"your-first-name\" value=\"\" size=\"40\" tabindex=\"-1\" autocomplete=\"new-password\" \/><\/span>\n    <label class=\"input-block\">\n      <span class=\"label\">E-mail<\/span>\n      <div class=\"input-wrap\">\n        <span class=\"wpcf7-form-control-wrap\" data-name=\"your-email\"><input size=\"40\" maxlength=\"400\" class=\"wpcf7-form-control wpcf7-email wpcf7-validates-as-required wpcf7-text wpcf7-validates-as-email input\" aria-required=\"true\" aria-invalid=\"false\" value=\"\" type=\"email\" name=\"your-email\" \/><\/span>\n      <\/div>\n    <\/label>\n    <label class=\"input-block\">\n      <span class=\"label\">Telefoninumber<\/span>\n      <div class=\"input-wrap\">\n        <span class=\"wpcf7-form-control-wrap\" data-name=\"your-phone\"><input size=\"40\" maxlength=\"400\" class=\"wpcf7-form-control wpcf7-tel wpcf7-validates-as-required wpcf7-text wpcf7-validates-as-tel input\" aria-required=\"true\" aria-invalid=\"false\" value=\"\" type=\"tel\" name=\"your-phone\" \/><\/span>\n      <\/div>\n    <\/label>\n<span id=\"wpcf7-69e03d26f304c-wrapper\" class=\"wpcf7-form-control-wrap your-email-address-wrap\" style=\"display:none !important; visibility:hidden !important;\"><label for=\"wpcf7-69e03d26f304c-field\" class=\"hp-message\">Please leave this field empty.<\/label><input id=\"wpcf7-69e03d26f304c-field\"  class=\"wpcf7-form-control wpcf7-text\" type=\"text\" name=\"your-email-address\" value=\"\" size=\"40\" tabindex=\"-1\" autocomplete=\"new-password\" \/><\/span>\n  <\/div>\n  <div class=\"c-col\" data-an-type=\"single\" data-an=\"fade-in-from-right\">\n    <label class=\"input-block\">\n      <span class=\"label\">S\u00f5numi tekst<\/span>\n      <div class=\"input-wrap\">\n        <span class=\"wpcf7-form-control-wrap\" data-name=\"your-message\"><textarea cols=\"40\" rows=\"10\" maxlength=\"2000\" class=\"wpcf7-form-control wpcf7-textarea wpcf7-validates-as-required input textarea\" aria-required=\"true\" aria-invalid=\"false\" name=\"your-message\"><\/textarea><\/span>\n      <\/div>\n    <\/label>\n  <\/div>\n<\/div>\n<span id=\"wpcf7-69e03d26f312c-wrapper\" class=\"wpcf7-form-control-wrap your-website-wrap\" style=\"display:none !important; visibility:hidden !important;\"><label for=\"wpcf7-69e03d26f312c-field\" class=\"hp-message\">Please leave this field empty.<\/label><input id=\"wpcf7-69e03d26f312c-field\"  class=\"wpcf7-form-control wpcf7-text\" type=\"text\" name=\"your-website\" value=\"\" size=\"40\" tabindex=\"-1\" autocomplete=\"new-password\" \/><\/span>\n<input type=\"hidden\" name=\"time_stamp\" value=\"1776303398\" \/>\n<div class=\"c-row\">\n  <div class=\"c-col\" data-an-type=\"single\" data-an=\"fade-in-from-left\">\n    <div class=\"wpcf7-turnstile cf-turnstile\" data-sitekey=\"0x4AAAAAAB0wyKEH3Af1cvkd\" data-response-field-name=\"_wpcf7_turnstile_response\"><\/div>\n  <\/div>\n  <div class=\"c-col\" data-an-type=\"single\" data-an=\"fade-in-from-right\">\n    <div class=\"flex\">\n      <div class=\"submit-wrap m-l-auto\">\n        <input class=\"wpcf7-form-control wpcf7-submit has-spinner btn btn-default large size-1\" type=\"submit\" value=\"Saada\" \/>\n      <\/div>\n    <\/div>\n  <\/div>\n<\/div><div class=\"wpcf7-response-output\" aria-hidden=\"true\"><\/div>\n<\/form>\n<\/div>\n        <\/div>\r\n    \r\n<\/div>\n\n    <\/div>\r\n","protected":false},"excerpt":{"rendered":"CSC TELECOM","protected":false},"author":1,"featured_media":0,"parent":0,"menu_order":16,"comment_status":"closed","ping_status":"closed","template":"templates\/contacts.php","meta":{"_acf_changed":false,"footnotes":""},"class_list":["post-1330","page","type-page","status-publish","hentry"],"acf":[],"yoast_head":"<!-- This site is optimized with the Yoast SEO plugin v26.9 - https:\/\/yoast.com\/product\/yoast-seo-wordpress\/ -->\n<title>Ettev\u00f5ttest | CSC Telecom<\/title>\n<meta name=\"robots\" content=\"index, follow, max-snippet:-1, max-image-preview:large, max-video-preview:-1\" \/>\n<link rel=\"canonical\" href=\"https:\/\/csc.ee\/et\/ettevottest-info\/\" \/>\n<meta property=\"og:locale\" content=\"et_EE\" \/>\n<meta property=\"og:type\" content=\"article\" \/>\n<meta property=\"og:title\" content=\"Ettev\u00f5ttest | CSC Telecom\" \/>\n<meta property=\"og:description\" content=\"CSC TELECOM\" \/>\n<meta property=\"og:url\" content=\"https:\/\/csc.ee\/et\/ettevottest-info\/\" \/>\n<meta property=\"og:site_name\" content=\"CSC Telecom\" \/>\n<meta property=\"article:modified_time\" content=\"2026-04-15T13:45:27+00:00\" \/>\n<meta name=\"twitter:card\" content=\"summary_large_image\" \/>\n<meta name=\"twitter:label1\" content=\"Est. reading time\" \/>\n\t<meta name=\"twitter:data1\" content=\"2 minut\" \/>\n<script type=\"application\/ld+json\" class=\"yoast-schema-graph\">{\"@context\":\"https:\/\/schema.org\",\"@graph\":[{\"@type\":\"WebPage\",\"@id\":\"https:\/\/csc.ee\/et\/ettevottest-info\/\",\"url\":\"https:\/\/csc.ee\/et\/ettevottest-info\/\",\"name\":\"Ettev\u00f5ttest | CSC Telecom\",\"isPartOf\":{\"@id\":\"https:\/\/csc.ee\/et\/#website\"},\"datePublished\":\"2020-04-27T09:36:36+00:00\",\"dateModified\":\"2026-04-15T13:45:27+00:00\",\"breadcrumb\":{\"@id\":\"https:\/\/csc.ee\/et\/ettevottest-info\/#breadcrumb\"},\"inLanguage\":\"et\",\"potentialAction\":[{\"@type\":\"ReadAction\",\"target\":[\"https:\/\/csc.ee\/et\/ettevottest-info\/\"]}]},{\"@type\":\"BreadcrumbList\",\"@id\":\"https:\/\/csc.ee\/et\/ettevottest-info\/#breadcrumb\",\"itemListElement\":[{\"@type\":\"ListItem\",\"position\":1,\"name\":\"Home\",\"item\":\"https:\/\/csc.ee\/et\/csc-telecom\/\"},{\"@type\":\"ListItem\",\"position\":2,\"name\":\"Ettev\u00f5ttest\"}]},{\"@type\":\"WebSite\",\"@id\":\"https:\/\/csc.ee\/et\/#website\",\"url\":\"https:\/\/csc.ee\/et\/\",\"name\":\"CSC Telecom\",\"description\":\"\",\"potentialAction\":[{\"@type\":\"SearchAction\",\"target\":{\"@type\":\"EntryPoint\",\"urlTemplate\":\"https:\/\/csc.ee\/et\/?s={search_term_string}\"},\"query-input\":{\"@type\":\"PropertyValueSpecification\",\"valueRequired\":true,\"valueName\":\"search_term_string\"}}],\"inLanguage\":\"et\"}]}<\/script>\n<!-- \/ Yoast SEO plugin. -->","yoast_head_json":{"title":"Ettev\u00f5ttest | CSC Telecom","robots":{"index":"index","follow":"follow","max-snippet":"max-snippet:-1","max-image-preview":"max-image-preview:large","max-video-preview":"max-video-preview:-1"},"canonical":"https:\/\/csc.ee\/et\/ettevottest-info\/","og_locale":"et_EE","og_type":"article","og_title":"Ettev\u00f5ttest | CSC Telecom","og_description":"CSC TELECOM","og_url":"https:\/\/csc.ee\/et\/ettevottest-info\/","og_site_name":"CSC Telecom","article_modified_time":"2026-04-15T13:45:27+00:00","twitter_card":"summary_large_image","twitter_misc":{"Est. reading time":"2 minut"},"schema":{"@context":"https:\/\/schema.org","@graph":[{"@type":"WebPage","@id":"https:\/\/csc.ee\/et\/ettevottest-info\/","url":"https:\/\/csc.ee\/et\/ettevottest-info\/","name":"Ettev\u00f5ttest | CSC Telecom","isPartOf":{"@id":"https:\/\/csc.ee\/et\/#website"},"datePublished":"2020-04-27T09:36:36+00:00","dateModified":"2026-04-15T13:45:27+00:00","breadcrumb":{"@id":"https:\/\/csc.ee\/et\/ettevottest-info\/#breadcrumb"},"inLanguage":"et","potentialAction":[{"@type":"ReadAction","target":["https:\/\/csc.ee\/et\/ettevottest-info\/"]}]},{"@type":"BreadcrumbList","@id":"https:\/\/csc.ee\/et\/ettevottest-info\/#breadcrumb","itemListElement":[{"@type":"ListItem","position":1,"name":"Home","item":"https:\/\/csc.ee\/et\/csc-telecom\/"},{"@type":"ListItem","position":2,"name":"Ettev\u00f5ttest"}]},{"@type":"WebSite","@id":"https:\/\/csc.ee\/et\/#website","url":"https:\/\/csc.ee\/et\/","name":"CSC Telecom","description":"","potentialAction":[{"@type":"SearchAction","target":{"@type":"EntryPoint","urlTemplate":"https:\/\/csc.ee\/et\/?s={search_term_string}"},"query-input":{"@type":"PropertyValueSpecification","valueRequired":true,"valueName":"search_term_string"}}],"inLanguage":"et"}]}},"_links":{"self":[{"href":"https:\/\/csc.ee\/et\/wp-json\/wp\/v2\/pages\/1330","targetHints":{"allow":["GET"]}}],"collection":[{"href":"https:\/\/csc.ee\/et\/wp-json\/wp\/v2\/pages"}],"about":[{"href":"https:\/\/csc.ee\/et\/wp-json\/wp\/v2\/types\/page"}],"author":[{"embeddable":true,"href":"https:\/\/csc.ee\/et\/wp-json\/wp\/v2\/users\/1"}],"replies":[{"embeddable":true,"href":"https:\/\/csc.ee\/et\/wp-json\/wp\/v2\/comments?post=1330"}],"version-history":[{"count":17,"href":"https:\/\/csc.ee\/et\/wp-json\/wp\/v2\/pages\/1330\/revisions"}],"predecessor-version":[{"id":2620,"href":"https:\/\/csc.ee\/et\/wp-json\/wp\/v2\/pages\/1330\/revisions\/2620"}],"wp:attachment":[{"href":"https:\/\/csc.ee\/et\/wp-json\/wp\/v2\/media?parent=1330"}],"curies":[{"name":"wp","href":"https:\/\/api.w.org\/{rel}","templated":true}]}}