{"id":1340,"date":"2020-04-27T09:40:27","date_gmt":"2020-04-27T09:40:27","guid":{"rendered":"http:\/\/cscee.sem.lv\/?page_id=1340"},"modified":"2020-09-10T10:35:19","modified_gmt":"2020-09-10T10:35:19","slug":"tark-linn-ja-riik","status":"publish","type":"page","link":"https:\/\/csc.ee\/et\/tark-linn-ja-riik\/","title":{"rendered":"Tark linn ja riik"},"content":{"rendered":"    <div class=\"container default\">\r\n\n\n\n<div class=\"csc-block-hero-block csc-block bg-cover  no-text-col\" style=\"background-image: url(https:\/\/csc.ee\/wp-content\/uploads\/2020\/03\/architecture-building-glass-164572-1920x1280.jpg);\" data-an-type=\"single\" data-an=\"fade-in-from-bottom\">\n    <div class=\"block-content container narrow-2 flex\">\n\n        <div class=\"title-col\">\n                            <h2 class=\"title h1 small c-white\">Tark linn ja riik<\/h2>\n                    <\/div>\n\n        \n    <\/div>\n<\/div>\n\n\r\n<div class=\"csc-block-spacer csc-block\" id=\"spacer-block_5e564597068ba\">\r\n    <style>\r\n        #spacer-block_5e564597068ba {\r\n            height: 33px;\r\n        }\r\n\r\n        \r\n            <\/style>\r\n<\/div>\n\n    <\/div>\r\n\n\n    <div class=\"container narrow-4\">\r\n\n\n\n<div class=\"wp-block-columns main-columns sidebar-justify is-layout-flex wp-container-core-columns-is-layout-9d6595d7 wp-block-columns-is-layout-flex\">\n<div class=\"wp-block-column is-layout-flow wp-block-column-is-layout-flow\" style=\"flex-basis:33.33%\">\r\n<div class=\"csc-block-quote csc-block\" data-an-type=\"single\" data-an=\"fade-in-from-bottom\">\r\n    <p class=\"quote\">\u201cMida s\u00f5bralikum ja avatum on avalike asutuste suhtlus elanike ja ettev\u00f5tjatega, seda kiiremini areneb riik..\u201d<\/p>\r\n<\/div>\n\n\r\n<div class=\"csc-block-quote csc-block\" data-an-type=\"single\" data-an=\"fade-in-from-bottom\">\r\n    <p class=\"quote\">\u201cKas olete m\u00e4rganud, kuidas noored suhtlevad? Nad kirjutavad, mitte helistavad - chatt, SMS s\u00f5numid, sotsiaal v\u00f5rgud, e-mail..\u201d <\/p>\r\n<\/div><\/div>\n\n\n\n<div class=\"wp-block-column is-layout-flow wp-block-column-is-layout-flow\" style=\"flex-basis:66.66%\">\n<p><strong>Riik areneb digitaliseerimise valdkonnas \u00fcsna kiiresti. \u00dcheks p\u00f5hjuseks on kindlasti tehnoloogia kiire areng. Teiseks aga \u200b\u200bturun\u00f5udluse t\u00f5hus kvaliteetse kommunikatsiooni j\u00e4rele.<\/strong><\/p>\n\n\n\n<p>On olemas mitmeid portaale ja elektroonilisi teenuseid, mida me regulaarselt kasutame ja mis aitavad lahendada kiiresti erinevaid probleeme.<\/p>\n\n\n\n<p>Riigiasutuste puhul on selgelt n\u00e4ha tsentraliseerumise tendentsi. Oluline on mitte unustada selle eesm\u00e4rki - tsentraliseerumine on m\u00f5istlik, kui seda ka juhitakse tsentraliseeritult. Vastasel juhul toimub vaid konkurentsi v\u00e4hendamine ning uusi teenuseid enam ei arendata.<\/p>\n\n\n\n<p>Uued tooted, uued ideed. See on meie uus p\u00f5lvkond, kes \u00f5pib praegu koolides, kuid juba varsti saab \u00fchiskonna t\u00e4iuslikuks liikmeks. Neist saavad elanikud, kes kasutavad avaliku sektori teenuseid. Kas olete m\u00e4rganud, kuidas noored suhtlevad? Nad kirjutavad, mitte ei helista - <em>chatt<\/em>-id, SMS s\u00f5numid, sotsiaalv\u00f5rgud, e-mail.<\/p>\n\n\n\n<p>Kommunikatsioon riigiasutustega peaks olema palju lihtsam, kiirem ning elanikele ja ettev\u00f5tjatele k\u00e4ttesaadavam. Meil tekib soov oma m\u00f5tteid ja arvamust aktiivselt avaldada alles siis, kui oleme kindlad, et me ei pea \u00fche protseduuri jaoks dokumentide virna esitama ega ootama n\u00e4dalaid riigiasutuse vastust.<\/p>\n\n\n\n<p>Enne normatiiv akti v\u00f5i seaduse vastuv\u00f5tmist v\u00f5iks l\u00e4bi viia operatiivse uuringu elanike seas. V\u00f5ib-olla h\u00e4\u00e4letuse tulemusena ilmub konkreetses k\u00fcsimuses hoopis teistsugune otsus.<\/p>\n\n\n\n<p>Mida s\u00f5bralikum ja avatum on avalike asutuste suhtlus elanike ja ettev\u00f5tjatega, seda kiiremini areneb riik. Meie innovaatilise m\u00f5tlemisega noored ei hakka otsima parimaid \u201cmaid\u201d, vaid j\u00e4\u00e4vad koju ja realiseerivad siin oma unistused!<\/p>\n\n\n\n<p><em><strong>AN\u017dELIKA \u010cI\u013bIMOVA<\/strong><\/em>, CSC Telecom valsts un pa\u0161vald\u012bbu sektora vad\u012bt\u0101ja<\/p>\n\n\n\n<p>\u201cDigitaliz\u0113ti un moderni valsts un pa\u0161vald\u012bbu komunik\u0101ciju procesi\u201d  BiSMART 30.04.2019.<\/p>\n<\/div>\n<\/div>\n\n\n    <\/div>\r\n\n\n\r\n<div class=\"csc-block-spacer csc-block\" id=\"spacer-block_5e564827068bb\">\r\n    <style>\r\n        #spacer-block_5e564827068bb {\r\n            height: 92px;\r\n        }\r\n\r\n        \r\n            <\/style>\r\n<\/div>\n\n    <div class=\"container default\">\r\n\n\n\r\n<div class=\"csc-block-spacer csc-block\" id=\"spacer-block_5e56486c068bc\">\r\n    <style>\r\n        #spacer-block_5e56486c068bc {\r\n            height: 90px;\r\n        }\r\n\r\n        \r\n            <\/style>\r\n<\/div>\n\n\n    <div class=\"csc-block-grid-info-blocks csc-block stretch-md\" data-gutter=\"0\">\n        <div class=\"grid\" data-an-type=\"sequence\" data-an>\n            <div class=\"column\" data-an=\"slide-in-from-bottom\">\r\n    <a class=\"item bg-type-solid bg-cover\" href=\"\/et\/solution\/\" style=\"background-color: #000000;\">\r\n\r\n        <div class=\"inner\">\r\n                            <h3 class=\"title c-white\">Lahendused<\/h3>\r\n            \r\n                            <p class=\"text c-white\">Lihtsusta m\u00fc\u00fcgiprotsessi! <br \/>\r\n\u00dchtne lahendus klienditeenindamiseks.<\/p>\r\n            \r\n            <span class=\"icon ic ic-arrow-right c-white hide-xl hide-lg\"><\/span>\r\n        <\/div>\r\n\r\n        <span class=\"icon ic ic-arrow-right c-white hide-md hide-sm hide-xs\"><\/span>\r\n\r\n    <\/a>\r\n<\/div><div class=\"column\" data-an=\"slide-in-from-bottom\">\r\n    <a class=\"item bg-type-image bg-cover\" href=\"\/et\/smart-business\/sales-process-digitalization-ee\/\" style=\"background-image: url(https:\/\/csc.ee\/wp-content\/uploads\/2020\/03\/adult-browsing-connection-546275-440x300.jpg);\">\r\n\r\n        <div class=\"inner\">\r\n                            <h3 class=\"title c-white\">M\u00fc\u00fcgiprotsesside digitaliseerimine<\/h3>\r\n            \r\n                            <p class=\"text c-white\">Digitaliseerime Teie \u00e4riprotsessid, et Te saaksite m\u00fc\u00fca rohkem ja efektiivsem!<\/p>\r\n            \r\n            <span class=\"icon ic ic-arrow-right c-white hide-xl hide-lg\"><\/span>\r\n        <\/div>\r\n\r\n        <span class=\"icon ic ic-arrow-right c-white hide-md hide-sm hide-xs\"><\/span>\r\n\r\n    <\/a>\r\n<\/div><div class=\"column\" data-an=\"slide-in-from-bottom\">\r\n    <a class=\"item bg-type-solid bg-cover\" href=\"\/et\/equipment\/\" style=\"background-color: #e8e8e8;\">\r\n\r\n        <div class=\"inner\">\r\n                            <h3 class=\"title c-black\">Seadmed<\/h3>\r\n            \r\n                            <p class=\"text c-black\">Funktsionaalsed Yealink IP telefonid juhtide ja t\u00f6\u00f6tajate jaoks, mida saab osta v\u00f5i rentida.<\/p>\r\n            \r\n            <span class=\"icon ic ic-arrow-right c-primary hide-xl hide-lg\"><\/span>\r\n        <\/div>\r\n\r\n        <span class=\"icon ic ic-arrow-right c-primary hide-md hide-sm hide-xs\"><\/span>\r\n\r\n    <\/a>\r\n<\/div>        <\/div>\n    <\/div>\n\n\n\n<div class=\"wp-block-group is-layout-flow wp-block-group-is-layout-flow\"><div class=\"wp-block-group__inner-container\"><\/div><\/div>\n\n\n\r\n<div class=\"csc-block-contact-form csc-block\">\r\n\r\n            <h3 class=\"title h3 text-center\">V\u00f5ta meiega \u00fchendust<\/h3>\r\n    \r\n            <div class=\"container narrow-5\">\r\n            \n<div class=\"wpcf7 no-js\" id=\"wpcf7-f1518-o1\" lang=\"lv-LV\" dir=\"ltr\" data-wpcf7-id=\"1518\">\n<div class=\"screen-reader-response\"><p role=\"status\" aria-live=\"polite\" aria-atomic=\"true\"><\/p> <ul><\/ul><\/div>\n<form action=\"\/et\/wp-json\/wp\/v2\/pages\/1340#wpcf7-f1518-o1\" method=\"post\" class=\"wpcf7-form init\" aria-label=\"Contact form\" novalidate=\"novalidate\" data-status=\"init\">\n<fieldset class=\"hidden-fields-container\"><input type=\"hidden\" name=\"_wpcf7\" value=\"1518\" \/><input type=\"hidden\" name=\"_wpcf7_version\" value=\"6.1.5\" \/><input type=\"hidden\" name=\"_wpcf7_locale\" value=\"lv_LV\" \/><input type=\"hidden\" name=\"_wpcf7_unit_tag\" value=\"wpcf7-f1518-o1\" \/><input type=\"hidden\" name=\"_wpcf7_container_post\" value=\"0\" \/><input type=\"hidden\" name=\"_wpcf7_posted_data_hash\" value=\"\" \/>\n<\/fieldset>\n<div class=\"c-row-1 c-row\">\n  <div class=\"c-col\" data-an-type=\"single\" data-an=\"fade-in-from-left\">\n    <label class=\"input-block\">\n      <span class=\"label\">Nimi<\/span>\n      <div class=\"input-wrap\">\n        <span class=\"wpcf7-form-control-wrap\" data-name=\"your-name\"><input size=\"40\" maxlength=\"400\" class=\"wpcf7-form-control wpcf7-text wpcf7-validates-as-required input\" aria-required=\"true\" aria-invalid=\"false\" value=\"\" type=\"text\" name=\"your-name\" \/><\/span>\n      <\/div>\n    <\/label>\n<span id=\"wpcf7-69e1c65f5cb28-wrapper\" class=\"wpcf7-form-control-wrap your-first-name-wrap\" style=\"display:none !important; visibility:hidden !important;\"><label for=\"wpcf7-69e1c65f5cb28-field\" class=\"hp-message\">Please leave this field empty.<\/label><input id=\"wpcf7-69e1c65f5cb28-field\"  class=\"wpcf7-form-control wpcf7-text\" type=\"text\" name=\"your-first-name\" value=\"\" size=\"40\" tabindex=\"-1\" autocomplete=\"new-password\" \/><\/span>\n    <label class=\"input-block\">\n      <span class=\"label\">E-mail<\/span>\n      <div class=\"input-wrap\">\n        <span class=\"wpcf7-form-control-wrap\" data-name=\"your-email\"><input size=\"40\" maxlength=\"400\" class=\"wpcf7-form-control wpcf7-email wpcf7-validates-as-required wpcf7-text wpcf7-validates-as-email input\" aria-required=\"true\" aria-invalid=\"false\" value=\"\" type=\"email\" name=\"your-email\" \/><\/span>\n      <\/div>\n    <\/label>\n    <label class=\"input-block\">\n      <span class=\"label\">Telefoninumber<\/span>\n      <div class=\"input-wrap\">\n        <span class=\"wpcf7-form-control-wrap\" data-name=\"your-phone\"><input size=\"40\" maxlength=\"400\" class=\"wpcf7-form-control wpcf7-tel wpcf7-validates-as-required wpcf7-text wpcf7-validates-as-tel input\" aria-required=\"true\" aria-invalid=\"false\" value=\"\" type=\"tel\" name=\"your-phone\" \/><\/span>\n      <\/div>\n    <\/label>\n<span id=\"wpcf7-69e1c65f5ce20-wrapper\" class=\"wpcf7-form-control-wrap your-email-address-wrap\" style=\"display:none !important; visibility:hidden !important;\"><label for=\"wpcf7-69e1c65f5ce20-field\" class=\"hp-message\">Please leave this field empty.<\/label><input id=\"wpcf7-69e1c65f5ce20-field\"  class=\"wpcf7-form-control wpcf7-text\" type=\"text\" name=\"your-email-address\" value=\"\" size=\"40\" tabindex=\"-1\" autocomplete=\"new-password\" \/><\/span>\n  <\/div>\n  <div class=\"c-col\" data-an-type=\"single\" data-an=\"fade-in-from-right\">\n    <label class=\"input-block\">\n      <span class=\"label\">S\u00f5numi tekst<\/span>\n      <div class=\"input-wrap\">\n        <span class=\"wpcf7-form-control-wrap\" data-name=\"your-message\"><textarea cols=\"40\" rows=\"10\" maxlength=\"2000\" class=\"wpcf7-form-control wpcf7-textarea wpcf7-validates-as-required input textarea\" aria-required=\"true\" aria-invalid=\"false\" name=\"your-message\"><\/textarea><\/span>\n      <\/div>\n    <\/label>\n  <\/div>\n<\/div>\n<span id=\"wpcf7-69e1c65f5d33b-wrapper\" class=\"wpcf7-form-control-wrap your-website-wrap\" style=\"display:none !important; visibility:hidden !important;\"><label for=\"wpcf7-69e1c65f5d33b-field\" class=\"hp-message\">Please leave this field empty.<\/label><input id=\"wpcf7-69e1c65f5d33b-field\"  class=\"wpcf7-form-control wpcf7-text\" type=\"text\" name=\"your-website\" value=\"\" size=\"40\" tabindex=\"-1\" autocomplete=\"new-password\" \/><\/span>\n<input type=\"hidden\" name=\"time_stamp\" value=\"1776404063\" \/>\n<div class=\"c-row\">\n  <div class=\"c-col\" data-an-type=\"single\" data-an=\"fade-in-from-left\">\n    <div class=\"wpcf7-turnstile cf-turnstile\" data-sitekey=\"0x4AAAAAAB0wyKEH3Af1cvkd\" data-response-field-name=\"_wpcf7_turnstile_response\"><\/div>\n  <\/div>\n  <div class=\"c-col\" data-an-type=\"single\" data-an=\"fade-in-from-right\">\n    <div class=\"flex\">\n      <div class=\"submit-wrap m-l-auto\">\n        <input class=\"wpcf7-form-control wpcf7-submit has-spinner btn btn-default large size-1\" type=\"submit\" value=\"Saada\" \/>\n      <\/div>\n    <\/div>\n  <\/div>\n<\/div><div class=\"wpcf7-response-output\" aria-hidden=\"true\"><\/div>\n<\/form>\n<\/div>\n        <\/div>\r\n    \r\n<\/div>\n\n\r\n<div class=\"csc-block-spacer csc-block\" id=\"spacer-block_5ea05d1739f46\">\r\n    <style>\r\n        #spacer-block_5ea05d1739f46 {\r\n            height: 90px;\r\n        }\r\n\r\n        \r\n            <\/style>\r\n<\/div>\n\n    <\/div>\r\n","protected":false},"excerpt":{"rendered":"Riik areneb digitaliseerimise valdkonnas \u00fcsna kiiresti. \u00dcheks p\u00f5hjuseks on kindlasti tehnoloogia kiire areng. Teiseks aga \u200b\u200bturun\u00f5udluse t\u00f5hus kvaliteetse kommunikatsiooni j\u00e4rele. On olemas mitmeid portaale ja elektroonilisi teenuseid, mida me regulaarselt kasutame ja mis aitavad lahendada kiiresti erinevaid probleeme. Riigiasutuste puhul on selgelt n\u00e4ha tsentraliseerumise tendentsi. Oluline on mitte unustada selle eesm\u00e4rki &#8211; tsentraliseerumine on m\u00f5istlik, [&hellip;]","protected":false},"author":1,"featured_media":0,"parent":0,"menu_order":43,"comment_status":"closed","ping_status":"closed","template":"","meta":{"_acf_changed":false,"footnotes":""},"class_list":["post-1340","page","type-page","status-publish","hentry"],"acf":[],"yoast_head":"<!-- This site is optimized with the Yoast SEO plugin v26.9 - https:\/\/yoast.com\/product\/yoast-seo-wordpress\/ -->\n<title>Tark linn ja riik | CSC Telecom<\/title>\n<meta name=\"robots\" content=\"index, follow, max-snippet:-1, max-image-preview:large, max-video-preview:-1\" \/>\n<link rel=\"canonical\" href=\"https:\/\/csc.ee\/et\/tark-linn-ja-riik\/\" \/>\n<meta property=\"og:locale\" content=\"et_EE\" \/>\n<meta property=\"og:type\" content=\"article\" \/>\n<meta property=\"og:title\" content=\"Tark linn ja riik | CSC Telecom\" \/>\n<meta property=\"og:description\" content=\"Riik areneb digitaliseerimise valdkonnas \u00fcsna kiiresti. \u00dcheks p\u00f5hjuseks on kindlasti tehnoloogia kiire areng. Teiseks aga \u200b\u200bturun\u00f5udluse t\u00f5hus kvaliteetse kommunikatsiooni j\u00e4rele. On olemas mitmeid portaale ja elektroonilisi teenuseid, mida me regulaarselt kasutame ja mis aitavad lahendada kiiresti erinevaid probleeme. Riigiasutuste puhul on selgelt n\u00e4ha tsentraliseerumise tendentsi. Oluline on mitte unustada selle eesm\u00e4rki - tsentraliseerumine on m\u00f5istlik, [&hellip;]\" \/>\n<meta property=\"og:url\" content=\"https:\/\/csc.ee\/et\/tark-linn-ja-riik\/\" \/>\n<meta property=\"og:site_name\" content=\"CSC Telecom\" \/>\n<meta property=\"article:modified_time\" content=\"2020-09-10T10:35:19+00:00\" \/>\n<meta name=\"twitter:card\" content=\"summary_large_image\" \/>\n<meta name=\"twitter:label1\" content=\"Est. reading time\" \/>\n\t<meta name=\"twitter:data1\" content=\"1 minut\" \/>\n<script type=\"application\/ld+json\" class=\"yoast-schema-graph\">{\"@context\":\"https:\/\/schema.org\",\"@graph\":[{\"@type\":\"WebPage\",\"@id\":\"https:\/\/csc.ee\/et\/tark-linn-ja-riik\/\",\"url\":\"https:\/\/csc.ee\/et\/tark-linn-ja-riik\/\",\"name\":\"Tark linn ja riik | CSC Telecom\",\"isPartOf\":{\"@id\":\"https:\/\/csc.ee\/et\/#website\"},\"datePublished\":\"2020-04-27T09:40:27+00:00\",\"dateModified\":\"2020-09-10T10:35:19+00:00\",\"breadcrumb\":{\"@id\":\"https:\/\/csc.ee\/et\/tark-linn-ja-riik\/#breadcrumb\"},\"inLanguage\":\"et\",\"potentialAction\":[{\"@type\":\"ReadAction\",\"target\":[\"https:\/\/csc.ee\/et\/tark-linn-ja-riik\/\"]}]},{\"@type\":\"BreadcrumbList\",\"@id\":\"https:\/\/csc.ee\/et\/tark-linn-ja-riik\/#breadcrumb\",\"itemListElement\":[{\"@type\":\"ListItem\",\"position\":1,\"name\":\"Home\",\"item\":\"https:\/\/csc.ee\/et\/csc-telecom\/\"},{\"@type\":\"ListItem\",\"position\":2,\"name\":\"Tark linn ja riik\"}]},{\"@type\":\"WebSite\",\"@id\":\"https:\/\/csc.ee\/et\/#website\",\"url\":\"https:\/\/csc.ee\/et\/\",\"name\":\"CSC Telecom\",\"description\":\"\",\"potentialAction\":[{\"@type\":\"SearchAction\",\"target\":{\"@type\":\"EntryPoint\",\"urlTemplate\":\"https:\/\/csc.ee\/et\/?s={search_term_string}\"},\"query-input\":{\"@type\":\"PropertyValueSpecification\",\"valueRequired\":true,\"valueName\":\"search_term_string\"}}],\"inLanguage\":\"et\"}]}<\/script>\n<!-- \/ Yoast SEO plugin. -->","yoast_head_json":{"title":"Tark linn ja riik | CSC Telecom","robots":{"index":"index","follow":"follow","max-snippet":"max-snippet:-1","max-image-preview":"max-image-preview:large","max-video-preview":"max-video-preview:-1"},"canonical":"https:\/\/csc.ee\/et\/tark-linn-ja-riik\/","og_locale":"et_EE","og_type":"article","og_title":"Tark linn ja riik | CSC Telecom","og_description":"Riik areneb digitaliseerimise valdkonnas \u00fcsna kiiresti. \u00dcheks p\u00f5hjuseks on kindlasti tehnoloogia kiire areng. Teiseks aga \u200b\u200bturun\u00f5udluse t\u00f5hus kvaliteetse kommunikatsiooni j\u00e4rele. On olemas mitmeid portaale ja elektroonilisi teenuseid, mida me regulaarselt kasutame ja mis aitavad lahendada kiiresti erinevaid probleeme. Riigiasutuste puhul on selgelt n\u00e4ha tsentraliseerumise tendentsi. Oluline on mitte unustada selle eesm\u00e4rki - tsentraliseerumine on m\u00f5istlik, [&hellip;]","og_url":"https:\/\/csc.ee\/et\/tark-linn-ja-riik\/","og_site_name":"CSC Telecom","article_modified_time":"2020-09-10T10:35:19+00:00","twitter_card":"summary_large_image","twitter_misc":{"Est. reading time":"1 minut"},"schema":{"@context":"https:\/\/schema.org","@graph":[{"@type":"WebPage","@id":"https:\/\/csc.ee\/et\/tark-linn-ja-riik\/","url":"https:\/\/csc.ee\/et\/tark-linn-ja-riik\/","name":"Tark linn ja riik | CSC Telecom","isPartOf":{"@id":"https:\/\/csc.ee\/et\/#website"},"datePublished":"2020-04-27T09:40:27+00:00","dateModified":"2020-09-10T10:35:19+00:00","breadcrumb":{"@id":"https:\/\/csc.ee\/et\/tark-linn-ja-riik\/#breadcrumb"},"inLanguage":"et","potentialAction":[{"@type":"ReadAction","target":["https:\/\/csc.ee\/et\/tark-linn-ja-riik\/"]}]},{"@type":"BreadcrumbList","@id":"https:\/\/csc.ee\/et\/tark-linn-ja-riik\/#breadcrumb","itemListElement":[{"@type":"ListItem","position":1,"name":"Home","item":"https:\/\/csc.ee\/et\/csc-telecom\/"},{"@type":"ListItem","position":2,"name":"Tark linn ja riik"}]},{"@type":"WebSite","@id":"https:\/\/csc.ee\/et\/#website","url":"https:\/\/csc.ee\/et\/","name":"CSC Telecom","description":"","potentialAction":[{"@type":"SearchAction","target":{"@type":"EntryPoint","urlTemplate":"https:\/\/csc.ee\/et\/?s={search_term_string}"},"query-input":{"@type":"PropertyValueSpecification","valueRequired":true,"valueName":"search_term_string"}}],"inLanguage":"et"}]}},"_links":{"self":[{"href":"https:\/\/csc.ee\/et\/wp-json\/wp\/v2\/pages\/1340","targetHints":{"allow":["GET"]}}],"collection":[{"href":"https:\/\/csc.ee\/et\/wp-json\/wp\/v2\/pages"}],"about":[{"href":"https:\/\/csc.ee\/et\/wp-json\/wp\/v2\/types\/page"}],"author":[{"embeddable":true,"href":"https:\/\/csc.ee\/et\/wp-json\/wp\/v2\/users\/1"}],"replies":[{"embeddable":true,"href":"https:\/\/csc.ee\/et\/wp-json\/wp\/v2\/comments?post=1340"}],"version-history":[{"count":70,"href":"https:\/\/csc.ee\/et\/wp-json\/wp\/v2\/pages\/1340\/revisions"}],"predecessor-version":[{"id":2070,"href":"https:\/\/csc.ee\/et\/wp-json\/wp\/v2\/pages\/1340\/revisions\/2070"}],"wp:attachment":[{"href":"https:\/\/csc.ee\/et\/wp-json\/wp\/v2\/media?parent=1340"}],"curies":[{"name":"wp","href":"https:\/\/api.w.org\/{rel}","templated":true}]}}