{"id":2234,"date":"2021-05-04T20:49:39","date_gmt":"2021-05-04T20:49:39","guid":{"rendered":"https:\/\/csc.ee\/?page_id=2234"},"modified":"2021-05-04T20:53:46","modified_gmt":"2021-05-04T20:53:46","slug":"levikom-it-ari-omandamine","status":"publish","type":"page","link":"https:\/\/csc.ee\/et\/levikom-it-ari-omandamine\/","title":{"rendered":"Levikom IT \u00e4ri omandamine"},"content":{"rendered":"    <div class=\"container default\">\r\n\n\n\n<div class=\"csc-block-hero-block csc-block bg-cover  no-text-col\" style=\"background-image: url(https:\/\/csc.ee\/wp-content\/uploads\/2020\/03\/architecture-building-glass-164572-1920x1280.jpg);\" data-an-type=\"single\" data-an=\"fade-in-from-bottom\">\n    <div class=\"block-content container narrow-2 flex\">\n\n        <div class=\"title-col\">\n                            <h2 class=\"title h1 small c-white\">CSC Telecom omandas Levikomi IT-teenuste \u00e4ri<\/h2>\n                    <\/div>\n\n        \n    <\/div>\n<\/div>\n\n\r\n<div class=\"csc-block-spacer csc-block\" id=\"spacer-block_5e564597068ba\">\r\n    <style>\r\n        #spacer-block_5e564597068ba {\r\n            height: 33px;\r\n        }\r\n\r\n        \r\n            <\/style>\r\n<\/div>\n\n    <\/div>\r\n\n\n    <div class=\"container narrow-4\">\r\n\n\n\n<div class=\"wp-block-columns main-columns sidebar-justify is-layout-flex wp-container-core-columns-is-layout-9d6595d7 wp-block-columns-is-layout-flex\">\n<div class=\"wp-block-column is-layout-flow wp-block-column-is-layout-flow\" style=\"flex-basis:33.33%\">\n<figure class=\"wp-block-image size-large\"><img loading=\"lazy\" decoding=\"async\" width=\"1024\" height=\"1024\" src=\"https:\/\/csc.ee\/wp-content\/uploads\/2021\/03\/unitcom-it-hooldus-haldus-teenused-1024x1024.jpg\" alt=\"\" class=\"wp-image-2168\" srcset=\"https:\/\/csc.ee\/wp-content\/uploads\/2021\/03\/unitcom-it-hooldus-haldus-teenused-1024x1024.jpg 1024w, https:\/\/csc.ee\/wp-content\/uploads\/2021\/03\/unitcom-it-hooldus-haldus-teenused-300x300.jpg 300w, https:\/\/csc.ee\/wp-content\/uploads\/2021\/03\/unitcom-it-hooldus-haldus-teenused-150x150.jpg 150w, https:\/\/csc.ee\/wp-content\/uploads\/2021\/03\/unitcom-it-hooldus-haldus-teenused-768x769.jpg 768w, https:\/\/csc.ee\/wp-content\/uploads\/2021\/03\/unitcom-it-hooldus-haldus-teenused-1340x1341.jpg 1340w, https:\/\/csc.ee\/wp-content\/uploads\/2021\/03\/unitcom-it-hooldus-haldus-teenused-220x220.jpg 220w, https:\/\/csc.ee\/wp-content\/uploads\/2021\/03\/unitcom-it-hooldus-haldus-teenused.jpg 1344w\" sizes=\"auto, (max-width: 1024px) 100vw, 1024px\" \/><\/figure>\n<\/div>\n\n\n\n<div class=\"wp-block-column is-layout-flow wp-block-column-is-layout-flow\" style=\"flex-basis:66.66%\">\n<p><strong>O\u00dc CSC Telecom Estonia omandas 2020 aasta l\u00f5pus Levikom Eesti O\u00dc-le kuuluva IT-\u00e4ri.<\/strong><\/p>\n\n\n\n<p>Selle ostu tulemusena on CSC Telecom omandanud t\u00e4iendava kliendiportfelli, tugeva kompetentsuse \u00e4riklientidele IT-teenuste pakkumisel ning samuti kvalifitseeritud ja kogenud IT-meeskonna.<\/p>\n\n\n\n<p>Levikomi klientide jaoks on see tehing suurep\u00e4rane v\u00f5imalus saada omale IT-partneriks 20-aastase kogemusega ettev\u00f5te, kes pakub telekommunikatsiooni- ja IT-teenuseid \u00e4riklientidele Eestis, L\u00e4tis ning Leedus.<\/p>\n\n\n\n<p>IT- ja telekommunikatsiooni\u00e4ri s\u00fcnergia v\u00f5imaldab CSC Telecomi klientidel saada \u00fchelt tarnijalt kvaliteetseid ja kaasaegseid IT- ja telekommunikatsioonilahendusi, p\u00fchendades seel\u00e4bi rohkem aega oma p\u00f5hitegevuse arendamisele. <a href=\"http:\/\/csctelecom.com\" target=\"_blank\" rel=\"noreferrer noopener\"><strong><span class=\"has-inline-color has-luminous-vivid-orange-color\">CSC Telecomi<\/span><\/strong><\/a> kontserni stabiilse finantsseisundi t\u00f5ttu on klientidel v\u00f5imalik saada mis tahes IT-seadmeid kasutusrendile v\u00f5i j\u00e4relmaksuga.<\/p>\n\n\n\n<p>CSC Telecom pakub telekommunikatsioonilahendusi Eestis juba enam kui 20 aastat. Ettev\u00f5tte kogemus ja tehnoloogiad v\u00f5imaldavad luua klientide joaks kvaliteetseid ja kaasaegseid lahendusi telekommunikatsiooni ja \u00e4riprotsesside digitaliseerimise valdkonnas.<\/p>\n<\/div>\n<\/div>\n\n\n    <\/div>\r\n\n\n    <div class=\"container default\">\r\n\n\n\r\n<div class=\"csc-block-spacer csc-block\" id=\"spacer-block_5e56486c068bc\">\r\n    <style>\r\n        #spacer-block_5e56486c068bc {\r\n            height: 90px;\r\n        }\r\n\r\n        \r\n            <\/style>\r\n<\/div>\n\n\n<div class=\"wp-block-group is-layout-flow wp-block-group-is-layout-flow\"><div class=\"wp-block-group__inner-container\"><\/div><\/div>\n\n\n\r\n<div class=\"csc-block-contact-form csc-block\">\r\n\r\n            <h3 class=\"title h3 text-center\">K\u00fcsimuste puhul v\u00f5ta meiega \u00fchendust<\/h3>\r\n    \r\n            <div class=\"container narrow-5\">\r\n            \n<div class=\"wpcf7 no-js\" id=\"wpcf7-f1518-o1\" lang=\"lv-LV\" dir=\"ltr\" data-wpcf7-id=\"1518\">\n<div class=\"screen-reader-response\"><p role=\"status\" aria-live=\"polite\" aria-atomic=\"true\"><\/p> <ul><\/ul><\/div>\n<form action=\"\/et\/wp-json\/wp\/v2\/pages\/2234#wpcf7-f1518-o1\" method=\"post\" class=\"wpcf7-form init\" aria-label=\"Contact form\" novalidate=\"novalidate\" data-status=\"init\">\n<fieldset class=\"hidden-fields-container\"><input type=\"hidden\" name=\"_wpcf7\" value=\"1518\" \/><input type=\"hidden\" name=\"_wpcf7_version\" value=\"6.1.5\" \/><input type=\"hidden\" name=\"_wpcf7_locale\" value=\"lv_LV\" \/><input type=\"hidden\" name=\"_wpcf7_unit_tag\" value=\"wpcf7-f1518-o1\" \/><input type=\"hidden\" name=\"_wpcf7_container_post\" value=\"0\" \/><input type=\"hidden\" name=\"_wpcf7_posted_data_hash\" value=\"\" \/>\n<\/fieldset>\n<div class=\"c-row-1 c-row\">\n  <div class=\"c-col\" data-an-type=\"single\" data-an=\"fade-in-from-left\">\n    <label class=\"input-block\">\n      <span class=\"label\">Nimi<\/span>\n      <div class=\"input-wrap\">\n        <span class=\"wpcf7-form-control-wrap\" data-name=\"your-name\"><input size=\"40\" maxlength=\"400\" class=\"wpcf7-form-control wpcf7-text wpcf7-validates-as-required input\" aria-required=\"true\" aria-invalid=\"false\" value=\"\" type=\"text\" name=\"your-name\" \/><\/span>\n      <\/div>\n    <\/label>\n<span id=\"wpcf7-69fdf261860f3-wrapper\" class=\"wpcf7-form-control-wrap your-first-name-wrap\" style=\"display:none !important; visibility:hidden !important;\"><label for=\"wpcf7-69fdf261860f3-field\" class=\"hp-message\">Please leave this field empty.<\/label><input id=\"wpcf7-69fdf261860f3-field\"  class=\"wpcf7-form-control wpcf7-text\" type=\"text\" name=\"your-first-name\" value=\"\" size=\"40\" tabindex=\"-1\" autocomplete=\"new-password\" \/><\/span>\n    <label class=\"input-block\">\n      <span class=\"label\">E-mail<\/span>\n      <div class=\"input-wrap\">\n        <span class=\"wpcf7-form-control-wrap\" data-name=\"your-email\"><input size=\"40\" maxlength=\"400\" class=\"wpcf7-form-control wpcf7-email wpcf7-validates-as-required wpcf7-text wpcf7-validates-as-email input\" aria-required=\"true\" aria-invalid=\"false\" value=\"\" type=\"email\" name=\"your-email\" \/><\/span>\n      <\/div>\n    <\/label>\n    <label class=\"input-block\">\n      <span class=\"label\">Telefoninumber<\/span>\n      <div class=\"input-wrap\">\n        <span class=\"wpcf7-form-control-wrap\" data-name=\"your-phone\"><input size=\"40\" maxlength=\"400\" class=\"wpcf7-form-control wpcf7-tel wpcf7-validates-as-required wpcf7-text wpcf7-validates-as-tel input\" aria-required=\"true\" aria-invalid=\"false\" value=\"\" type=\"tel\" name=\"your-phone\" \/><\/span>\n      <\/div>\n    <\/label>\n<span id=\"wpcf7-69fdf26186211-wrapper\" class=\"wpcf7-form-control-wrap your-email-address-wrap\" style=\"display:none !important; visibility:hidden !important;\"><label for=\"wpcf7-69fdf26186211-field\" class=\"hp-message\">Please leave this field empty.<\/label><input id=\"wpcf7-69fdf26186211-field\"  class=\"wpcf7-form-control wpcf7-text\" type=\"text\" name=\"your-email-address\" value=\"\" size=\"40\" tabindex=\"-1\" autocomplete=\"new-password\" \/><\/span>\n  <\/div>\n  <div class=\"c-col\" data-an-type=\"single\" data-an=\"fade-in-from-right\">\n    <label class=\"input-block\">\n      <span class=\"label\">S\u00f5numi tekst<\/span>\n      <div class=\"input-wrap\">\n        <span class=\"wpcf7-form-control-wrap\" data-name=\"your-message\"><textarea cols=\"40\" rows=\"10\" maxlength=\"2000\" class=\"wpcf7-form-control wpcf7-textarea wpcf7-validates-as-required input textarea\" aria-required=\"true\" aria-invalid=\"false\" name=\"your-message\"><\/textarea><\/span>\n      <\/div>\n    <\/label>\n  <\/div>\n<\/div>\n<span id=\"wpcf7-69fdf26186376-wrapper\" class=\"wpcf7-form-control-wrap your-website-wrap\" style=\"display:none !important; visibility:hidden !important;\"><label for=\"wpcf7-69fdf26186376-field\" class=\"hp-message\">Please leave this field empty.<\/label><input id=\"wpcf7-69fdf26186376-field\"  class=\"wpcf7-form-control wpcf7-text\" type=\"text\" name=\"your-website\" value=\"\" size=\"40\" tabindex=\"-1\" autocomplete=\"new-password\" \/><\/span>\n<input type=\"hidden\" name=\"time_stamp\" value=\"1778250337\" \/>\n<div class=\"c-row\">\n  <div class=\"c-col\" data-an-type=\"single\" data-an=\"fade-in-from-left\">\n    <div class=\"wpcf7-turnstile cf-turnstile\" data-sitekey=\"0x4AAAAAAB0wyKEH3Af1cvkd\" data-response-field-name=\"_wpcf7_turnstile_response\"><\/div>\n  <\/div>\n  <div class=\"c-col\" data-an-type=\"single\" data-an=\"fade-in-from-right\">\n    <div class=\"flex\">\n      <div class=\"submit-wrap m-l-auto\">\n        <input class=\"wpcf7-form-control wpcf7-submit has-spinner btn btn-default large size-1\" type=\"submit\" value=\"Saada\" \/>\n      <\/div>\n    <\/div>\n  <\/div>\n<\/div><div class=\"wpcf7-response-output\" aria-hidden=\"true\"><\/div>\n<\/form>\n<\/div>\n        <\/div>\r\n    \r\n<\/div>\n\n\r\n<div class=\"csc-block-spacer csc-block\" id=\"spacer-block_5ea05d1739f46\">\r\n    <style>\r\n        #spacer-block_5ea05d1739f46 {\r\n            height: 90px;\r\n        }\r\n\r\n        \r\n            <\/style>\r\n<\/div>\n\n    <\/div>\r\n","protected":false},"excerpt":{"rendered":"O\u00dc CSC Telecom Estonia omandas 2020 aasta l\u00f5pus Levikom Eesti O\u00dc-le kuuluva IT-\u00e4ri. Selle ostu tulemusena on CSC Telecom omandanud t\u00e4iendava kliendiportfelli, tugeva kompetentsuse \u00e4riklientidele IT-teenuste pakkumisel ning samuti kvalifitseeritud ja kogenud IT-meeskonna. Levikomi klientide jaoks on see tehing suurep\u00e4rane v\u00f5imalus saada omale IT-partneriks 20-aastase kogemusega ettev\u00f5te, kes pakub telekommunikatsiooni- ja IT-teenuseid \u00e4riklientidele Eestis, L\u00e4tis [&hellip;]","protected":false},"author":3,"featured_media":0,"parent":0,"menu_order":42,"comment_status":"closed","ping_status":"closed","template":"","meta":{"_acf_changed":false,"footnotes":""},"class_list":["post-2234","page","type-page","status-publish","hentry"],"acf":[],"yoast_head":"<!-- This site is optimized with the Yoast SEO plugin v26.9 - https:\/\/yoast.com\/product\/yoast-seo-wordpress\/ -->\n<title>Levikom IT \u00e4ri omandamine | CSC Telecom<\/title>\n<meta name=\"robots\" content=\"index, follow, max-snippet:-1, max-image-preview:large, max-video-preview:-1\" \/>\n<link rel=\"canonical\" href=\"https:\/\/csc.ee\/et\/levikom-it-ari-omandamine\/\" \/>\n<meta property=\"og:locale\" content=\"et_EE\" \/>\n<meta property=\"og:type\" content=\"article\" \/>\n<meta property=\"og:title\" content=\"Levikom IT \u00e4ri omandamine | CSC Telecom\" \/>\n<meta property=\"og:description\" content=\"O\u00dc CSC Telecom Estonia omandas 2020 aasta l\u00f5pus Levikom Eesti O\u00dc-le kuuluva IT-\u00e4ri. Selle ostu tulemusena on CSC Telecom omandanud t\u00e4iendava kliendiportfelli, tugeva kompetentsuse \u00e4riklientidele IT-teenuste pakkumisel ning samuti kvalifitseeritud ja kogenud IT-meeskonna. Levikomi klientide jaoks on see tehing suurep\u00e4rane v\u00f5imalus saada omale IT-partneriks 20-aastase kogemusega ettev\u00f5te, kes pakub telekommunikatsiooni- ja IT-teenuseid \u00e4riklientidele Eestis, L\u00e4tis [&hellip;]\" \/>\n<meta property=\"og:url\" content=\"https:\/\/csc.ee\/et\/levikom-it-ari-omandamine\/\" \/>\n<meta property=\"og:site_name\" content=\"CSC Telecom\" \/>\n<meta property=\"article:modified_time\" content=\"2021-05-04T20:53:46+00:00\" \/>\n<meta property=\"og:image\" content=\"https:\/\/csc.ee\/wp-content\/uploads\/2021\/03\/unitcom-it-hooldus-haldus-teenused-1024x1024.jpg\" \/>\n<meta name=\"twitter:card\" content=\"summary_large_image\" \/>\n<meta name=\"twitter:label1\" content=\"Est. reading time\" \/>\n\t<meta name=\"twitter:data1\" content=\"1 minut\" \/>\n<script type=\"application\/ld+json\" class=\"yoast-schema-graph\">{\"@context\":\"https:\/\/schema.org\",\"@graph\":[{\"@type\":\"WebPage\",\"@id\":\"https:\/\/csc.ee\/et\/levikom-it-ari-omandamine\/\",\"url\":\"https:\/\/csc.ee\/et\/levikom-it-ari-omandamine\/\",\"name\":\"Levikom IT \u00e4ri omandamine | CSC Telecom\",\"isPartOf\":{\"@id\":\"https:\/\/csc.ee\/et\/#website\"},\"primaryImageOfPage\":{\"@id\":\"https:\/\/csc.ee\/et\/levikom-it-ari-omandamine\/#primaryimage\"},\"image\":{\"@id\":\"https:\/\/csc.ee\/et\/levikom-it-ari-omandamine\/#primaryimage\"},\"thumbnailUrl\":\"https:\/\/csc.ee\/wp-content\/uploads\/2021\/03\/unitcom-it-hooldus-haldus-teenused-1024x1024.jpg\",\"datePublished\":\"2021-05-04T20:49:39+00:00\",\"dateModified\":\"2021-05-04T20:53:46+00:00\",\"breadcrumb\":{\"@id\":\"https:\/\/csc.ee\/et\/levikom-it-ari-omandamine\/#breadcrumb\"},\"inLanguage\":\"et\",\"potentialAction\":[{\"@type\":\"ReadAction\",\"target\":[\"https:\/\/csc.ee\/et\/levikom-it-ari-omandamine\/\"]}]},{\"@type\":\"ImageObject\",\"inLanguage\":\"et\",\"@id\":\"https:\/\/csc.ee\/et\/levikom-it-ari-omandamine\/#primaryimage\",\"url\":\"https:\/\/csc.ee\/wp-content\/uploads\/2021\/03\/unitcom-it-hooldus-haldus-teenused-1024x1024.jpg\",\"contentUrl\":\"https:\/\/csc.ee\/wp-content\/uploads\/2021\/03\/unitcom-it-hooldus-haldus-teenused-1024x1024.jpg\"},{\"@type\":\"BreadcrumbList\",\"@id\":\"https:\/\/csc.ee\/et\/levikom-it-ari-omandamine\/#breadcrumb\",\"itemListElement\":[{\"@type\":\"ListItem\",\"position\":1,\"name\":\"Home\",\"item\":\"https:\/\/csc.ee\/et\/csc-telecom\/\"},{\"@type\":\"ListItem\",\"position\":2,\"name\":\"Levikom IT \u00e4ri omandamine\"}]},{\"@type\":\"WebSite\",\"@id\":\"https:\/\/csc.ee\/et\/#website\",\"url\":\"https:\/\/csc.ee\/et\/\",\"name\":\"CSC Telecom\",\"description\":\"\",\"potentialAction\":[{\"@type\":\"SearchAction\",\"target\":{\"@type\":\"EntryPoint\",\"urlTemplate\":\"https:\/\/csc.ee\/et\/?s={search_term_string}\"},\"query-input\":{\"@type\":\"PropertyValueSpecification\",\"valueRequired\":true,\"valueName\":\"search_term_string\"}}],\"inLanguage\":\"et\"}]}<\/script>\n<!-- \/ Yoast SEO plugin. -->","yoast_head_json":{"title":"Levikom IT \u00e4ri omandamine | CSC Telecom","robots":{"index":"index","follow":"follow","max-snippet":"max-snippet:-1","max-image-preview":"max-image-preview:large","max-video-preview":"max-video-preview:-1"},"canonical":"https:\/\/csc.ee\/et\/levikom-it-ari-omandamine\/","og_locale":"et_EE","og_type":"article","og_title":"Levikom IT \u00e4ri omandamine | CSC Telecom","og_description":"O\u00dc CSC Telecom Estonia omandas 2020 aasta l\u00f5pus Levikom Eesti O\u00dc-le kuuluva IT-\u00e4ri. Selle ostu tulemusena on CSC Telecom omandanud t\u00e4iendava kliendiportfelli, tugeva kompetentsuse \u00e4riklientidele IT-teenuste pakkumisel ning samuti kvalifitseeritud ja kogenud IT-meeskonna. Levikomi klientide jaoks on see tehing suurep\u00e4rane v\u00f5imalus saada omale IT-partneriks 20-aastase kogemusega ettev\u00f5te, kes pakub telekommunikatsiooni- ja IT-teenuseid \u00e4riklientidele Eestis, L\u00e4tis [&hellip;]","og_url":"https:\/\/csc.ee\/et\/levikom-it-ari-omandamine\/","og_site_name":"CSC Telecom","article_modified_time":"2021-05-04T20:53:46+00:00","og_image":[{"url":"https:\/\/csc.ee\/wp-content\/uploads\/2021\/03\/unitcom-it-hooldus-haldus-teenused-1024x1024.jpg","type":"","width":"","height":""}],"twitter_card":"summary_large_image","twitter_misc":{"Est. reading time":"1 minut"},"schema":{"@context":"https:\/\/schema.org","@graph":[{"@type":"WebPage","@id":"https:\/\/csc.ee\/et\/levikom-it-ari-omandamine\/","url":"https:\/\/csc.ee\/et\/levikom-it-ari-omandamine\/","name":"Levikom IT \u00e4ri omandamine | CSC Telecom","isPartOf":{"@id":"https:\/\/csc.ee\/et\/#website"},"primaryImageOfPage":{"@id":"https:\/\/csc.ee\/et\/levikom-it-ari-omandamine\/#primaryimage"},"image":{"@id":"https:\/\/csc.ee\/et\/levikom-it-ari-omandamine\/#primaryimage"},"thumbnailUrl":"https:\/\/csc.ee\/wp-content\/uploads\/2021\/03\/unitcom-it-hooldus-haldus-teenused-1024x1024.jpg","datePublished":"2021-05-04T20:49:39+00:00","dateModified":"2021-05-04T20:53:46+00:00","breadcrumb":{"@id":"https:\/\/csc.ee\/et\/levikom-it-ari-omandamine\/#breadcrumb"},"inLanguage":"et","potentialAction":[{"@type":"ReadAction","target":["https:\/\/csc.ee\/et\/levikom-it-ari-omandamine\/"]}]},{"@type":"ImageObject","inLanguage":"et","@id":"https:\/\/csc.ee\/et\/levikom-it-ari-omandamine\/#primaryimage","url":"https:\/\/csc.ee\/wp-content\/uploads\/2021\/03\/unitcom-it-hooldus-haldus-teenused-1024x1024.jpg","contentUrl":"https:\/\/csc.ee\/wp-content\/uploads\/2021\/03\/unitcom-it-hooldus-haldus-teenused-1024x1024.jpg"},{"@type":"BreadcrumbList","@id":"https:\/\/csc.ee\/et\/levikom-it-ari-omandamine\/#breadcrumb","itemListElement":[{"@type":"ListItem","position":1,"name":"Home","item":"https:\/\/csc.ee\/et\/csc-telecom\/"},{"@type":"ListItem","position":2,"name":"Levikom IT \u00e4ri omandamine"}]},{"@type":"WebSite","@id":"https:\/\/csc.ee\/et\/#website","url":"https:\/\/csc.ee\/et\/","name":"CSC Telecom","description":"","potentialAction":[{"@type":"SearchAction","target":{"@type":"EntryPoint","urlTemplate":"https:\/\/csc.ee\/et\/?s={search_term_string}"},"query-input":{"@type":"PropertyValueSpecification","valueRequired":true,"valueName":"search_term_string"}}],"inLanguage":"et"}]}},"_links":{"self":[{"href":"https:\/\/csc.ee\/et\/wp-json\/wp\/v2\/pages\/2234","targetHints":{"allow":["GET"]}}],"collection":[{"href":"https:\/\/csc.ee\/et\/wp-json\/wp\/v2\/pages"}],"about":[{"href":"https:\/\/csc.ee\/et\/wp-json\/wp\/v2\/types\/page"}],"author":[{"embeddable":true,"href":"https:\/\/csc.ee\/et\/wp-json\/wp\/v2\/users\/3"}],"replies":[{"embeddable":true,"href":"https:\/\/csc.ee\/et\/wp-json\/wp\/v2\/comments?post=2234"}],"version-history":[{"count":10,"href":"https:\/\/csc.ee\/et\/wp-json\/wp\/v2\/pages\/2234\/revisions"}],"predecessor-version":[{"id":2245,"href":"https:\/\/csc.ee\/et\/wp-json\/wp\/v2\/pages\/2234\/revisions\/2245"}],"wp:attachment":[{"href":"https:\/\/csc.ee\/et\/wp-json\/wp\/v2\/media?parent=2234"}],"curies":[{"name":"wp","href":"https:\/\/api.w.org\/{rel}","templated":true}]}}