{"id":3464,"date":"2026-03-23T13:33:48","date_gmt":"2026-03-23T13:33:48","guid":{"rendered":"https:\/\/csc.ee\/?page_id=3464"},"modified":"2026-03-24T14:43:05","modified_gmt":"2026-03-24T14:43:05","slug":"it-tiimijuht","status":"publish","type":"page","link":"https:\/\/csc.ee\/et\/it-tiimijuht\/","title":{"rendered":"IT Tiimijuht"},"content":{"rendered":"    <div class=\"container narrow-4\">\r\n\n\n\n<h1 class=\"wp-block-heading\"><strong>IT Tiimijuht<\/strong><\/h1>\n\n\n\n<div style=\"height:69px\" aria-hidden=\"true\" class=\"wp-block-spacer\"><\/div>\n\n\n\n<p><strong>CSC Telecom Estonia O\u00dc<\/strong> otsib oma kasvavasse meeskonda <strong>IT tiimijuhti<\/strong>, kes aitab juhtida meie tehnilist meeskonda ning olla kliendile usaldusv\u00e4\u00e4rne IT partner.<\/p>\n\n\n\n<p>Meie ettev\u00f5te pakub ettev\u00f5tetele hallatud IT teenuseid (MSP), serverihaldust, t\u00f6\u00f6kohtade haldust ning tehnilist tuge.<\/p>\n\n\n\n<p><strong>T\u00f6\u00f6 kirjeldus<\/strong><\/p>\n\n\n\n<p>IT tiimijuhina vastutad tehnilise meeskonna igap\u00e4evase t\u00f6\u00f6 korraldamise ning IT teenuste kvaliteedi eest. Lisaks oled mitmete klientide jaoks <strong>IT juhtimise partner<\/strong>, aidates planeerida nende IT arengut ja lahendada tehnilisi k\u00fcsimusi.<\/p>\n\n\n\n<p><strong>Peamised t\u00f6\u00f6\u00fclesanded<\/strong><\/p>\n\n\n\n<ul class=\"wp-block-list\">\n<li>6-liikmelise IT meeskonna t\u00f6\u00f6 juhtimine ja koordineerimine<\/li>\n\n\n\n<li>IT t\u00f6\u00f6de ja projektide planeerimine ning prioriteetide seadmine<\/li>\n\n\n\n<li>Klientidega kohtumised ja IT lahenduste arutamine<\/li>\n\n\n\n<li>Kliendi IT keskkonna arendamise planeerimine (IT juhtimise roll kliendi juures)<\/li>\n\n\n\n<li>J\u00e4lgida, et t\u00f6\u00f6d oleksid korrektselt sisestatud helpdeski \/ ticket s\u00fcsteemi<\/li>\n\n\n\n<li>Kontrollida t\u00f6\u00f6de t\u00e4itmist ja t\u00e4htaegadest kinnipidamist<\/li>\n\n\n\n<li>Teenuse kvaliteedi ja kliendirahulolu tagamine<\/li>\n\n\n\n<li>Koost\u00f6\u00f6 m\u00fc\u00fcgi ja tehnilise meeskonnaga uute lahenduste planeerimisel<\/li>\n\n\n\n<li>IT infrastruktuuri parenduste ja arendusettepanekute tegemine<\/li>\n<\/ul>\n\n\n\n<p><strong>Ootused kandidaadile<\/strong><\/p>\n\n\n\n<ul class=\"wp-block-list\">\n<li>Varasem kogemus IT valdkonnas (nt s\u00fcsteemiadministraator, IT spetsialist vms)<\/li>\n\n\n\n<li>Varasem meeskonna juhtimise kogemus on eelis<\/li>\n\n\n\n<li>V\u00f5ime juhtida ja koordineerida kliendi IT keskkonda<\/li>\n\n\n\n<li>Hea suhtlemisoskus ja kliendisuhtlus<\/li>\n\n\n\n<li>Hea organiseerimis- ja planeerimisoskus<\/li>\n\n\n\n<li>Eesti ja inglise keele oskus<\/li>\n\n\n\n<li>V\u00f5ime hallata mitut klienti ja projekti samaaegselt<\/li>\n<\/ul>\n\n\n\n<p><strong>Kasuks tuleb<\/strong><\/p>\n\n\n\n<ul class=\"wp-block-list\">\n<li>Microsoft 365 \/ Azure \/ serverihalduse kogemus<\/li>\n\n\n\n<li>ITIL v\u00f5i teenusehalduse kogemus<\/li>\n<\/ul>\n\n\n\n<p><strong>Pakume<\/strong><\/p>\n\n\n\n<ul class=\"wp-block-list\">\n<li>Vastutusrikast ja huvitavat t\u00f6\u00f6d arenevas IT ettev\u00f5ttes<\/li>\n\n\n\n<li>V\u00f5imalust kujundada ja arendada IT teenuseid<\/li>\n\n\n\n<li>Konkurentsiv\u00f5imelist t\u00f6\u00f6tasu<\/li>\n\n\n\n<li>Professionaalset ja toetavat meeskonda<\/li>\n\n\n\n<li>Kaasaegseid t\u00f6\u00f6vahendeid<\/li>\n<\/ul>\n\n\n\n<p><strong>Kandideerimine<\/strong><\/p>\n\n\n\n<p>Kui tunned, et soovid olla v\u00f5tmerollis ettev\u00f5tete IT arengus, saada oma CV ja motivatsioonikiri kontaktmeilile: cv@csc.ee.<\/p>\n\n\n\n<div style=\"height:69px\" aria-hidden=\"true\" class=\"wp-block-spacer\"><\/div>\n\n\n\r\n<div class=\"csc-block-contact-form csc-block\">\r\n\r\n            <h3 class=\"title h3 text-center\">V\u00f5ta meiega \u00fchendust!<\/h3>\r\n    \r\n            <div class=\"container narrow-5\">\r\n            \n<div class=\"wpcf7 no-js\" id=\"wpcf7-f1518-o1\" lang=\"lv-LV\" dir=\"ltr\" data-wpcf7-id=\"1518\">\n<div class=\"screen-reader-response\"><p role=\"status\" aria-live=\"polite\" aria-atomic=\"true\"><\/p> <ul><\/ul><\/div>\n<form action=\"\/et\/wp-json\/wp\/v2\/pages\/3464#wpcf7-f1518-o1\" method=\"post\" class=\"wpcf7-form init\" aria-label=\"Contact form\" novalidate=\"novalidate\" data-status=\"init\">\n<fieldset class=\"hidden-fields-container\"><input type=\"hidden\" name=\"_wpcf7\" value=\"1518\" \/><input type=\"hidden\" name=\"_wpcf7_version\" value=\"6.1.5\" \/><input type=\"hidden\" name=\"_wpcf7_locale\" value=\"lv_LV\" \/><input type=\"hidden\" name=\"_wpcf7_unit_tag\" value=\"wpcf7-f1518-o1\" \/><input type=\"hidden\" name=\"_wpcf7_container_post\" value=\"0\" \/><input type=\"hidden\" name=\"_wpcf7_posted_data_hash\" value=\"\" \/>\n<\/fieldset>\n<div class=\"c-row-1 c-row\">\n  <div class=\"c-col\" data-an-type=\"single\" data-an=\"fade-in-from-left\">\n    <label class=\"input-block\">\n      <span class=\"label\">Nimi<\/span>\n      <div class=\"input-wrap\">\n        <span class=\"wpcf7-form-control-wrap\" data-name=\"your-name\"><input size=\"40\" maxlength=\"400\" class=\"wpcf7-form-control wpcf7-text wpcf7-validates-as-required input\" aria-required=\"true\" aria-invalid=\"false\" value=\"\" type=\"text\" name=\"your-name\" \/><\/span>\n      <\/div>\n    <\/label>\n<span id=\"wpcf7-6a00f82977948-wrapper\" class=\"wpcf7-form-control-wrap your-first-name-wrap\" style=\"display:none !important; visibility:hidden !important;\"><label for=\"wpcf7-6a00f82977948-field\" class=\"hp-message\">Please leave this field empty.<\/label><input id=\"wpcf7-6a00f82977948-field\"  class=\"wpcf7-form-control wpcf7-text\" type=\"text\" name=\"your-first-name\" value=\"\" size=\"40\" tabindex=\"-1\" autocomplete=\"new-password\" \/><\/span>\n    <label class=\"input-block\">\n      <span class=\"label\">E-mail<\/span>\n      <div class=\"input-wrap\">\n        <span class=\"wpcf7-form-control-wrap\" data-name=\"your-email\"><input size=\"40\" maxlength=\"400\" class=\"wpcf7-form-control wpcf7-email wpcf7-validates-as-required wpcf7-text wpcf7-validates-as-email input\" aria-required=\"true\" aria-invalid=\"false\" value=\"\" type=\"email\" name=\"your-email\" \/><\/span>\n      <\/div>\n    <\/label>\n    <label class=\"input-block\">\n      <span class=\"label\">Telefoninumber<\/span>\n      <div class=\"input-wrap\">\n        <span class=\"wpcf7-form-control-wrap\" data-name=\"your-phone\"><input size=\"40\" maxlength=\"400\" class=\"wpcf7-form-control wpcf7-tel wpcf7-validates-as-required wpcf7-text wpcf7-validates-as-tel input\" aria-required=\"true\" aria-invalid=\"false\" value=\"\" type=\"tel\" name=\"your-phone\" \/><\/span>\n      <\/div>\n    <\/label>\n<span id=\"wpcf7-6a00f82977a54-wrapper\" class=\"wpcf7-form-control-wrap your-email-address-wrap\" style=\"display:none !important; visibility:hidden !important;\"><label for=\"wpcf7-6a00f82977a54-field\" class=\"hp-message\">Please leave this field empty.<\/label><input id=\"wpcf7-6a00f82977a54-field\"  class=\"wpcf7-form-control wpcf7-text\" type=\"text\" name=\"your-email-address\" value=\"\" size=\"40\" tabindex=\"-1\" autocomplete=\"new-password\" \/><\/span>\n  <\/div>\n  <div class=\"c-col\" data-an-type=\"single\" data-an=\"fade-in-from-right\">\n    <label class=\"input-block\">\n      <span class=\"label\">S\u00f5numi tekst<\/span>\n      <div class=\"input-wrap\">\n        <span class=\"wpcf7-form-control-wrap\" data-name=\"your-message\"><textarea cols=\"40\" rows=\"10\" maxlength=\"2000\" class=\"wpcf7-form-control wpcf7-textarea wpcf7-validates-as-required input textarea\" aria-required=\"true\" aria-invalid=\"false\" name=\"your-message\"><\/textarea><\/span>\n      <\/div>\n    <\/label>\n  <\/div>\n<\/div>\n<span id=\"wpcf7-6a00f82977b44-wrapper\" class=\"wpcf7-form-control-wrap your-website-wrap\" style=\"display:none !important; visibility:hidden !important;\"><label for=\"wpcf7-6a00f82977b44-field\" class=\"hp-message\">Please leave this field empty.<\/label><input id=\"wpcf7-6a00f82977b44-field\"  class=\"wpcf7-form-control wpcf7-text\" type=\"text\" name=\"your-website\" value=\"\" size=\"40\" tabindex=\"-1\" autocomplete=\"new-password\" \/><\/span>\n<input type=\"hidden\" name=\"time_stamp\" value=\"1778448425\" \/>\n<div class=\"c-row\">\n  <div class=\"c-col\" data-an-type=\"single\" data-an=\"fade-in-from-left\">\n    <div class=\"wpcf7-turnstile cf-turnstile\" data-sitekey=\"0x4AAAAAAB0wyKEH3Af1cvkd\" data-response-field-name=\"_wpcf7_turnstile_response\"><\/div>\n  <\/div>\n  <div class=\"c-col\" data-an-type=\"single\" data-an=\"fade-in-from-right\">\n    <div class=\"flex\">\n      <div class=\"submit-wrap m-l-auto\">\n        <input class=\"wpcf7-form-control wpcf7-submit has-spinner btn btn-default large size-1\" type=\"submit\" value=\"Saada\" \/>\n      <\/div>\n    <\/div>\n  <\/div>\n<\/div><div class=\"wpcf7-response-output\" aria-hidden=\"true\"><\/div>\n<\/form>\n<\/div>\n        <\/div>\r\n    \r\n<\/div>\n\n    <\/div>\r\n","protected":false},"excerpt":{"rendered":"IT Tiimijuht CSC Telecom Estonia O\u00dc otsib oma kasvavasse meeskonda IT tiimijuhti, kes aitab juhtida meie tehnilist meeskonda ning olla kliendile usaldusv\u00e4\u00e4rne IT partner. Meie ettev\u00f5te pakub ettev\u00f5tetele hallatud IT teenuseid (MSP), serverihaldust, t\u00f6\u00f6kohtade haldust ning tehnilist tuge. T\u00f6\u00f6 kirjeldus IT tiimijuhina vastutad tehnilise meeskonna igap\u00e4evase t\u00f6\u00f6 korraldamise ning IT teenuste kvaliteedi eest. Lisaks oled [&hellip;]","protected":false},"author":3,"featured_media":0,"parent":0,"menu_order":26,"comment_status":"closed","ping_status":"closed","template":"templates\/contacts.php","meta":{"_acf_changed":false,"footnotes":""},"class_list":["post-3464","page","type-page","status-publish","hentry"],"acf":[],"yoast_head":"<!-- This site is optimized with the Yoast SEO plugin v26.9 - https:\/\/yoast.com\/product\/yoast-seo-wordpress\/ -->\n<title>IT Tiimijuht | CSC Telecom<\/title>\n<meta name=\"robots\" content=\"index, follow, max-snippet:-1, max-image-preview:large, max-video-preview:-1\" \/>\n<link rel=\"canonical\" href=\"https:\/\/csc.ee\/et\/it-tiimijuht\/\" \/>\n<meta property=\"og:locale\" content=\"et_EE\" \/>\n<meta property=\"og:type\" content=\"article\" \/>\n<meta property=\"og:title\" content=\"IT Tiimijuht | CSC Telecom\" \/>\n<meta property=\"og:description\" content=\"IT Tiimijuht CSC Telecom Estonia O\u00dc otsib oma kasvavasse meeskonda IT tiimijuhti, kes aitab juhtida meie tehnilist meeskonda ning olla kliendile usaldusv\u00e4\u00e4rne IT partner. Meie ettev\u00f5te pakub ettev\u00f5tetele hallatud IT teenuseid (MSP), serverihaldust, t\u00f6\u00f6kohtade haldust ning tehnilist tuge. T\u00f6\u00f6 kirjeldus IT tiimijuhina vastutad tehnilise meeskonna igap\u00e4evase t\u00f6\u00f6 korraldamise ning IT teenuste kvaliteedi eest. Lisaks oled [&hellip;]\" \/>\n<meta property=\"og:url\" content=\"https:\/\/csc.ee\/et\/it-tiimijuht\/\" \/>\n<meta property=\"og:site_name\" content=\"CSC Telecom\" \/>\n<meta property=\"article:modified_time\" content=\"2026-03-24T14:43:05+00:00\" \/>\n<meta name=\"twitter:card\" content=\"summary_large_image\" \/>\n<meta name=\"twitter:label1\" content=\"Est. reading time\" \/>\n\t<meta name=\"twitter:data1\" content=\"2 minut\" \/>\n<script type=\"application\/ld+json\" class=\"yoast-schema-graph\">{\"@context\":\"https:\/\/schema.org\",\"@graph\":[{\"@type\":\"WebPage\",\"@id\":\"https:\/\/csc.ee\/et\/it-tiimijuht\/\",\"url\":\"https:\/\/csc.ee\/et\/it-tiimijuht\/\",\"name\":\"IT Tiimijuht | CSC Telecom\",\"isPartOf\":{\"@id\":\"https:\/\/csc.ee\/et\/#website\"},\"datePublished\":\"2026-03-23T13:33:48+00:00\",\"dateModified\":\"2026-03-24T14:43:05+00:00\",\"breadcrumb\":{\"@id\":\"https:\/\/csc.ee\/et\/it-tiimijuht\/#breadcrumb\"},\"inLanguage\":\"et\",\"potentialAction\":[{\"@type\":\"ReadAction\",\"target\":[\"https:\/\/csc.ee\/et\/it-tiimijuht\/\"]}]},{\"@type\":\"BreadcrumbList\",\"@id\":\"https:\/\/csc.ee\/et\/it-tiimijuht\/#breadcrumb\",\"itemListElement\":[{\"@type\":\"ListItem\",\"position\":1,\"name\":\"Home\",\"item\":\"https:\/\/csc.ee\/et\/csc-telecom\/\"},{\"@type\":\"ListItem\",\"position\":2,\"name\":\"IT Tiimijuht\"}]},{\"@type\":\"WebSite\",\"@id\":\"https:\/\/csc.ee\/et\/#website\",\"url\":\"https:\/\/csc.ee\/et\/\",\"name\":\"CSC Telecom\",\"description\":\"\",\"potentialAction\":[{\"@type\":\"SearchAction\",\"target\":{\"@type\":\"EntryPoint\",\"urlTemplate\":\"https:\/\/csc.ee\/et\/?s={search_term_string}\"},\"query-input\":{\"@type\":\"PropertyValueSpecification\",\"valueRequired\":true,\"valueName\":\"search_term_string\"}}],\"inLanguage\":\"et\"}]}<\/script>\n<!-- \/ Yoast SEO plugin. -->","yoast_head_json":{"title":"IT Tiimijuht | CSC Telecom","robots":{"index":"index","follow":"follow","max-snippet":"max-snippet:-1","max-image-preview":"max-image-preview:large","max-video-preview":"max-video-preview:-1"},"canonical":"https:\/\/csc.ee\/et\/it-tiimijuht\/","og_locale":"et_EE","og_type":"article","og_title":"IT Tiimijuht | CSC Telecom","og_description":"IT Tiimijuht CSC Telecom Estonia O\u00dc otsib oma kasvavasse meeskonda IT tiimijuhti, kes aitab juhtida meie tehnilist meeskonda ning olla kliendile usaldusv\u00e4\u00e4rne IT partner. Meie ettev\u00f5te pakub ettev\u00f5tetele hallatud IT teenuseid (MSP), serverihaldust, t\u00f6\u00f6kohtade haldust ning tehnilist tuge. T\u00f6\u00f6 kirjeldus IT tiimijuhina vastutad tehnilise meeskonna igap\u00e4evase t\u00f6\u00f6 korraldamise ning IT teenuste kvaliteedi eest. Lisaks oled [&hellip;]","og_url":"https:\/\/csc.ee\/et\/it-tiimijuht\/","og_site_name":"CSC Telecom","article_modified_time":"2026-03-24T14:43:05+00:00","twitter_card":"summary_large_image","twitter_misc":{"Est. reading time":"2 minut"},"schema":{"@context":"https:\/\/schema.org","@graph":[{"@type":"WebPage","@id":"https:\/\/csc.ee\/et\/it-tiimijuht\/","url":"https:\/\/csc.ee\/et\/it-tiimijuht\/","name":"IT Tiimijuht | CSC Telecom","isPartOf":{"@id":"https:\/\/csc.ee\/et\/#website"},"datePublished":"2026-03-23T13:33:48+00:00","dateModified":"2026-03-24T14:43:05+00:00","breadcrumb":{"@id":"https:\/\/csc.ee\/et\/it-tiimijuht\/#breadcrumb"},"inLanguage":"et","potentialAction":[{"@type":"ReadAction","target":["https:\/\/csc.ee\/et\/it-tiimijuht\/"]}]},{"@type":"BreadcrumbList","@id":"https:\/\/csc.ee\/et\/it-tiimijuht\/#breadcrumb","itemListElement":[{"@type":"ListItem","position":1,"name":"Home","item":"https:\/\/csc.ee\/et\/csc-telecom\/"},{"@type":"ListItem","position":2,"name":"IT Tiimijuht"}]},{"@type":"WebSite","@id":"https:\/\/csc.ee\/et\/#website","url":"https:\/\/csc.ee\/et\/","name":"CSC Telecom","description":"","potentialAction":[{"@type":"SearchAction","target":{"@type":"EntryPoint","urlTemplate":"https:\/\/csc.ee\/et\/?s={search_term_string}"},"query-input":{"@type":"PropertyValueSpecification","valueRequired":true,"valueName":"search_term_string"}}],"inLanguage":"et"}]}},"_links":{"self":[{"href":"https:\/\/csc.ee\/et\/wp-json\/wp\/v2\/pages\/3464","targetHints":{"allow":["GET"]}}],"collection":[{"href":"https:\/\/csc.ee\/et\/wp-json\/wp\/v2\/pages"}],"about":[{"href":"https:\/\/csc.ee\/et\/wp-json\/wp\/v2\/types\/page"}],"author":[{"embeddable":true,"href":"https:\/\/csc.ee\/et\/wp-json\/wp\/v2\/users\/3"}],"replies":[{"embeddable":true,"href":"https:\/\/csc.ee\/et\/wp-json\/wp\/v2\/comments?post=3464"}],"version-history":[{"count":11,"href":"https:\/\/csc.ee\/et\/wp-json\/wp\/v2\/pages\/3464\/revisions"}],"predecessor-version":[{"id":3512,"href":"https:\/\/csc.ee\/et\/wp-json\/wp\/v2\/pages\/3464\/revisions\/3512"}],"wp:attachment":[{"href":"https:\/\/csc.ee\/et\/wp-json\/wp\/v2\/media?parent=3464"}],"curies":[{"name":"wp","href":"https:\/\/api.w.org\/{rel}","templated":true}]}}