{"id":3496,"date":"2026-03-24T10:50:05","date_gmt":"2026-03-24T10:50:05","guid":{"rendered":"https:\/\/csc.ee\/?page_id=3496"},"modified":"2026-03-24T10:50:07","modified_gmt":"2026-03-24T10:50:07","slug":"it-lahenduste-muugijuht","status":"publish","type":"page","link":"https:\/\/csc.ee\/et\/it-lahenduste-muugijuht\/","title":{"rendered":"IT lahenduste m\u00fc\u00fcgijuht (B2B)"},"content":{"rendered":"    <div class=\"container narrow-4\">\r\n\n\n\n<h1 class=\"wp-block-heading\"><strong>IT lahenduste m\u00fc\u00fcgijuht (B2B)<\/strong><\/h1>\n\n\n\n<div style=\"height:69px\" aria-hidden=\"true\" class=\"wp-block-spacer\"><\/div>\n\n\n\n<p>Kas Sind motiveerib uute \u00e4riv\u00f5imaluste loomine ja tugevate kliendisuhete \u00fclesehitamine IT valdkonnas?<br><br>CSC Telecom otsib oma meeskonda IT lahenduste m\u00fc\u00fcgijuhti, kelle peamine eesm\u00e4rk on uute B2B klientide leidmine ning nende pikaajaline haldamine ja arendamine.<\/p>\n\n\n\n<p><strong>Sinu peamine roll<\/strong><\/p>\n\n\n\n<ul class=\"wp-block-list\">\n<li>Uute \u00e4riklientide aktiivne leidmine ja m\u00fc\u00fcgiv\u00f5imaluste loomine<\/li>\n\n\n\n<li>IT lahenduste ja teenuste tutvustamine ning v\u00e4\u00e4rtusp\u00f5hine m\u00fc\u00fck<\/li>\n\n\n\n<li>Pikaajaliste kliendisuhete \u00fclesehitamine ja arendamine<\/li>\n\n\n\n<li>M\u00fc\u00fcgipakkumiste koostamine ja l\u00e4bir\u00e4\u00e4kimiste juhtimine<\/li>\n\n\n\n<li>Koost\u00f6\u00f6 tehnilise tiimiga parima lahenduse v\u00e4ljat\u00f6\u00f6tamisel<\/li>\n\n\n\n<li>M\u00fc\u00fcgiprotsessi juhtimine alates esmasest kontaktist kuni lepingu s\u00f5lmimiseni<\/li>\n<\/ul>\n\n\n\n<p><strong>Mida Sa m\u00fc\u00fcd?<\/strong><\/p>\n\n\n\n<p>CSC pakub laiap\u00f5hjalisi IT- ja sidelahendusi ettev\u00f5tetele, sh:<\/p>\n\n\n\n<ul class=\"wp-block-list\">\n<li>IT haldusteenused<\/li>\n\n\n\n<li>Pilvelahendused<\/li>\n\n\n\n<li>K\u00fcberturvalisuse lahendused<\/li>\n\n\n\n<li>Serveri- ja v\u00f5rgulahendused<\/li>\n\n\n\n<li>IT infrastruktuuri arendus ja hooldus<\/li>\n<\/ul>\n\n\n\n<p>Sinu \u00fclesanne on aidata klientidel leida just nende \u00e4ri toetav terviklahendus.<\/p>\n\n\n\n<p><strong>Ootused kandidaadile<\/strong><\/p>\n\n\n\n<ul class=\"wp-block-list\">\n<li>Varasem edukas kogemus B2B m\u00fc\u00fcgis (IT valdkonnas tuleb kasuks)<\/li>\n\n\n\n<li>Tugev uute klientide leidmise oskus ja initsiatiivikus<\/li>\n\n\n\n<li>Hea l\u00e4bir\u00e4\u00e4kimis- ja suhtlemisoskus<\/li>\n\n\n\n<li>V\u00f5ime m\u00f5ista kliendi \u00e4rivajadusi ning pakkuda sobivaid lahendusi<\/li>\n\n\n\n<li>Iseseisvus ja tulemustele orienteeritus<\/li>\n\n\n\n<li>V\u00e4ga hea eesti keele oskus, inglise keel suhtlustasemel<\/li>\n<\/ul>\n\n\n\n<p><strong>Mida pakume?<\/strong><\/p>\n\n\n\n<ul class=\"wp-block-list\">\n<li>V\u00f5imalust t\u00f6\u00f6tada kiiresti arenevas IT ettev\u00f5ttes<\/li>\n\n\n\n<li>Konkurentsiv\u00f5imelist tasupaketti (p\u00f5hipalk + tulemustasu)<\/li>\n\n\n\n<li>Paindlikku t\u00f6\u00f6korraldust<\/li>\n\n\n\n<li>Professionaalset ja toetavat meeskonda<\/li>\n\n\n\n<li>V\u00f5imalust panustada ettev\u00f5tte kasvu ja enda karj\u00e4\u00e4riarengusse<\/li>\n<\/ul>\n\n\n\n<p><strong>Kandideerimine<\/strong><\/p>\n\n\n\n<p>Kui tunned, et soovid olla v\u00f5tmerollis ettev\u00f5tete IT arengus ning ehitada \u00fcles oma kliendiportfelli, saada oma CV ja motivatsioonikiri ettev\u00f5tte kontaktmeilile: info@csc.ee.<\/p>\n\n\n\n<div style=\"height:69px\" aria-hidden=\"true\" class=\"wp-block-spacer\"><\/div>\n\n\n\r\n<div class=\"csc-block-contact-form csc-block\">\r\n\r\n            <h3 class=\"title h3 text-center\">V\u00f5ta meiega \u00fchendust!<\/h3>\r\n    \r\n            <div class=\"container narrow-5\">\r\n            \n<div class=\"wpcf7 no-js\" id=\"wpcf7-f1518-o1\" lang=\"lv-LV\" dir=\"ltr\" data-wpcf7-id=\"1518\">\n<div class=\"screen-reader-response\"><p role=\"status\" aria-live=\"polite\" aria-atomic=\"true\"><\/p> <ul><\/ul><\/div>\n<form action=\"\/et\/wp-json\/wp\/v2\/pages\/3496#wpcf7-f1518-o1\" method=\"post\" class=\"wpcf7-form init\" aria-label=\"Contact form\" novalidate=\"novalidate\" data-status=\"init\">\n<fieldset class=\"hidden-fields-container\"><input type=\"hidden\" name=\"_wpcf7\" value=\"1518\" \/><input type=\"hidden\" name=\"_wpcf7_version\" value=\"6.1.5\" \/><input type=\"hidden\" name=\"_wpcf7_locale\" value=\"lv_LV\" \/><input type=\"hidden\" name=\"_wpcf7_unit_tag\" value=\"wpcf7-f1518-o1\" \/><input type=\"hidden\" name=\"_wpcf7_container_post\" value=\"0\" \/><input type=\"hidden\" name=\"_wpcf7_posted_data_hash\" value=\"\" \/>\n<\/fieldset>\n<div class=\"c-row-1 c-row\">\n  <div class=\"c-col\" data-an-type=\"single\" data-an=\"fade-in-from-left\">\n    <label class=\"input-block\">\n      <span class=\"label\">Nimi<\/span>\n      <div class=\"input-wrap\">\n        <span class=\"wpcf7-form-control-wrap\" data-name=\"your-name\"><input size=\"40\" maxlength=\"400\" class=\"wpcf7-form-control wpcf7-text wpcf7-validates-as-required input\" aria-required=\"true\" aria-invalid=\"false\" value=\"\" type=\"text\" name=\"your-name\" \/><\/span>\n      <\/div>\n    <\/label>\n<span id=\"wpcf7-6a00f7054a9d4-wrapper\" class=\"wpcf7-form-control-wrap your-first-name-wrap\" style=\"display:none !important; visibility:hidden !important;\"><label for=\"wpcf7-6a00f7054a9d4-field\" class=\"hp-message\">Please leave this field empty.<\/label><input id=\"wpcf7-6a00f7054a9d4-field\"  class=\"wpcf7-form-control wpcf7-text\" type=\"text\" name=\"your-first-name\" value=\"\" size=\"40\" tabindex=\"-1\" autocomplete=\"new-password\" \/><\/span>\n    <label class=\"input-block\">\n      <span class=\"label\">E-mail<\/span>\n      <div class=\"input-wrap\">\n        <span class=\"wpcf7-form-control-wrap\" data-name=\"your-email\"><input size=\"40\" maxlength=\"400\" class=\"wpcf7-form-control wpcf7-email wpcf7-validates-as-required wpcf7-text wpcf7-validates-as-email input\" aria-required=\"true\" aria-invalid=\"false\" value=\"\" type=\"email\" name=\"your-email\" \/><\/span>\n      <\/div>\n    <\/label>\n    <label class=\"input-block\">\n      <span class=\"label\">Telefoninumber<\/span>\n      <div class=\"input-wrap\">\n        <span class=\"wpcf7-form-control-wrap\" data-name=\"your-phone\"><input size=\"40\" maxlength=\"400\" class=\"wpcf7-form-control wpcf7-tel wpcf7-validates-as-required wpcf7-text wpcf7-validates-as-tel input\" aria-required=\"true\" aria-invalid=\"false\" value=\"\" type=\"tel\" name=\"your-phone\" \/><\/span>\n      <\/div>\n    <\/label>\n<span id=\"wpcf7-6a00f7054ab32-wrapper\" class=\"wpcf7-form-control-wrap your-email-address-wrap\" style=\"display:none !important; visibility:hidden !important;\"><label for=\"wpcf7-6a00f7054ab32-field\" class=\"hp-message\">Please leave this field empty.<\/label><input id=\"wpcf7-6a00f7054ab32-field\"  class=\"wpcf7-form-control wpcf7-text\" type=\"text\" name=\"your-email-address\" value=\"\" size=\"40\" tabindex=\"-1\" autocomplete=\"new-password\" \/><\/span>\n  <\/div>\n  <div class=\"c-col\" data-an-type=\"single\" data-an=\"fade-in-from-right\">\n    <label class=\"input-block\">\n      <span class=\"label\">S\u00f5numi tekst<\/span>\n      <div class=\"input-wrap\">\n        <span class=\"wpcf7-form-control-wrap\" data-name=\"your-message\"><textarea cols=\"40\" rows=\"10\" maxlength=\"2000\" class=\"wpcf7-form-control wpcf7-textarea wpcf7-validates-as-required input textarea\" aria-required=\"true\" aria-invalid=\"false\" name=\"your-message\"><\/textarea><\/span>\n      <\/div>\n    <\/label>\n  <\/div>\n<\/div>\n<span id=\"wpcf7-6a00f7054ac71-wrapper\" class=\"wpcf7-form-control-wrap your-website-wrap\" style=\"display:none !important; visibility:hidden !important;\"><label for=\"wpcf7-6a00f7054ac71-field\" class=\"hp-message\">Please leave this field empty.<\/label><input id=\"wpcf7-6a00f7054ac71-field\"  class=\"wpcf7-form-control wpcf7-text\" type=\"text\" name=\"your-website\" value=\"\" size=\"40\" tabindex=\"-1\" autocomplete=\"new-password\" \/><\/span>\n<input type=\"hidden\" name=\"time_stamp\" value=\"1778448133\" \/>\n<div class=\"c-row\">\n  <div class=\"c-col\" data-an-type=\"single\" data-an=\"fade-in-from-left\">\n    <div class=\"wpcf7-turnstile cf-turnstile\" data-sitekey=\"0x4AAAAAAB0wyKEH3Af1cvkd\" data-response-field-name=\"_wpcf7_turnstile_response\"><\/div>\n  <\/div>\n  <div class=\"c-col\" data-an-type=\"single\" data-an=\"fade-in-from-right\">\n    <div class=\"flex\">\n      <div class=\"submit-wrap m-l-auto\">\n        <input class=\"wpcf7-form-control wpcf7-submit has-spinner btn btn-default large size-1\" type=\"submit\" value=\"Saada\" \/>\n      <\/div>\n    <\/div>\n  <\/div>\n<\/div><div class=\"wpcf7-response-output\" aria-hidden=\"true\"><\/div>\n<\/form>\n<\/div>\n        <\/div>\r\n    \r\n<\/div>\n\n    <\/div>\r\n","protected":false},"excerpt":{"rendered":"IT lahenduste m\u00fc\u00fcgijuht (B2B) Kas Sind motiveerib uute \u00e4riv\u00f5imaluste loomine ja tugevate kliendisuhete \u00fclesehitamine IT valdkonnas? CSC Telecom otsib oma meeskonda IT lahenduste m\u00fc\u00fcgijuhti, kelle peamine eesm\u00e4rk on uute B2B klientide leidmine ning nende pikaajaline haldamine ja arendamine. Sinu peamine roll Mida Sa m\u00fc\u00fcd? CSC pakub laiap\u00f5hjalisi IT- ja sidelahendusi ettev\u00f5tetele, sh: Sinu \u00fclesanne on [&hellip;]","protected":false},"author":3,"featured_media":0,"parent":0,"menu_order":24,"comment_status":"closed","ping_status":"closed","template":"templates\/contacts.php","meta":{"_acf_changed":false,"footnotes":""},"class_list":["post-3496","page","type-page","status-publish","hentry"],"acf":[],"yoast_head":"<!-- This site is optimized with the Yoast SEO plugin v26.9 - https:\/\/yoast.com\/product\/yoast-seo-wordpress\/ -->\n<title>IT lahenduste m\u00fc\u00fcgijuht (B2B) | CSC Telecom<\/title>\n<meta name=\"robots\" content=\"index, follow, max-snippet:-1, max-image-preview:large, max-video-preview:-1\" \/>\n<link rel=\"canonical\" href=\"https:\/\/csc.ee\/et\/it-lahenduste-muugijuht\/\" \/>\n<meta property=\"og:locale\" content=\"et_EE\" \/>\n<meta property=\"og:type\" content=\"article\" \/>\n<meta property=\"og:title\" content=\"IT lahenduste m\u00fc\u00fcgijuht (B2B) | CSC Telecom\" \/>\n<meta property=\"og:description\" content=\"IT lahenduste m\u00fc\u00fcgijuht (B2B) Kas Sind motiveerib uute \u00e4riv\u00f5imaluste loomine ja tugevate kliendisuhete \u00fclesehitamine IT valdkonnas? CSC Telecom otsib oma meeskonda IT lahenduste m\u00fc\u00fcgijuhti, kelle peamine eesm\u00e4rk on uute B2B klientide leidmine ning nende pikaajaline haldamine ja arendamine. Sinu peamine roll Mida Sa m\u00fc\u00fcd? CSC pakub laiap\u00f5hjalisi IT- ja sidelahendusi ettev\u00f5tetele, sh: Sinu \u00fclesanne on [&hellip;]\" \/>\n<meta property=\"og:url\" content=\"https:\/\/csc.ee\/et\/it-lahenduste-muugijuht\/\" \/>\n<meta property=\"og:site_name\" content=\"CSC Telecom\" \/>\n<meta property=\"article:modified_time\" content=\"2026-03-24T10:50:07+00:00\" \/>\n<meta name=\"twitter:card\" content=\"summary_large_image\" \/>\n<meta name=\"twitter:label1\" content=\"Est. reading time\" \/>\n\t<meta name=\"twitter:data1\" content=\"1 minut\" \/>\n<script type=\"application\/ld+json\" class=\"yoast-schema-graph\">{\"@context\":\"https:\/\/schema.org\",\"@graph\":[{\"@type\":\"WebPage\",\"@id\":\"https:\/\/csc.ee\/et\/it-lahenduste-muugijuht\/\",\"url\":\"https:\/\/csc.ee\/et\/it-lahenduste-muugijuht\/\",\"name\":\"IT lahenduste m\u00fc\u00fcgijuht (B2B) | CSC Telecom\",\"isPartOf\":{\"@id\":\"https:\/\/csc.ee\/et\/#website\"},\"datePublished\":\"2026-03-24T10:50:05+00:00\",\"dateModified\":\"2026-03-24T10:50:07+00:00\",\"breadcrumb\":{\"@id\":\"https:\/\/csc.ee\/et\/it-lahenduste-muugijuht\/#breadcrumb\"},\"inLanguage\":\"et\",\"potentialAction\":[{\"@type\":\"ReadAction\",\"target\":[\"https:\/\/csc.ee\/et\/it-lahenduste-muugijuht\/\"]}]},{\"@type\":\"BreadcrumbList\",\"@id\":\"https:\/\/csc.ee\/et\/it-lahenduste-muugijuht\/#breadcrumb\",\"itemListElement\":[{\"@type\":\"ListItem\",\"position\":1,\"name\":\"Home\",\"item\":\"https:\/\/csc.ee\/et\/csc-telecom\/\"},{\"@type\":\"ListItem\",\"position\":2,\"name\":\"IT lahenduste m\u00fc\u00fcgijuht (B2B)\"}]},{\"@type\":\"WebSite\",\"@id\":\"https:\/\/csc.ee\/et\/#website\",\"url\":\"https:\/\/csc.ee\/et\/\",\"name\":\"CSC Telecom\",\"description\":\"\",\"potentialAction\":[{\"@type\":\"SearchAction\",\"target\":{\"@type\":\"EntryPoint\",\"urlTemplate\":\"https:\/\/csc.ee\/et\/?s={search_term_string}\"},\"query-input\":{\"@type\":\"PropertyValueSpecification\",\"valueRequired\":true,\"valueName\":\"search_term_string\"}}],\"inLanguage\":\"et\"}]}<\/script>\n<!-- \/ Yoast SEO plugin. -->","yoast_head_json":{"title":"IT lahenduste m\u00fc\u00fcgijuht (B2B) | CSC Telecom","robots":{"index":"index","follow":"follow","max-snippet":"max-snippet:-1","max-image-preview":"max-image-preview:large","max-video-preview":"max-video-preview:-1"},"canonical":"https:\/\/csc.ee\/et\/it-lahenduste-muugijuht\/","og_locale":"et_EE","og_type":"article","og_title":"IT lahenduste m\u00fc\u00fcgijuht (B2B) | CSC Telecom","og_description":"IT lahenduste m\u00fc\u00fcgijuht (B2B) Kas Sind motiveerib uute \u00e4riv\u00f5imaluste loomine ja tugevate kliendisuhete \u00fclesehitamine IT valdkonnas? CSC Telecom otsib oma meeskonda IT lahenduste m\u00fc\u00fcgijuhti, kelle peamine eesm\u00e4rk on uute B2B klientide leidmine ning nende pikaajaline haldamine ja arendamine. Sinu peamine roll Mida Sa m\u00fc\u00fcd? CSC pakub laiap\u00f5hjalisi IT- ja sidelahendusi ettev\u00f5tetele, sh: Sinu \u00fclesanne on [&hellip;]","og_url":"https:\/\/csc.ee\/et\/it-lahenduste-muugijuht\/","og_site_name":"CSC Telecom","article_modified_time":"2026-03-24T10:50:07+00:00","twitter_card":"summary_large_image","twitter_misc":{"Est. reading time":"1 minut"},"schema":{"@context":"https:\/\/schema.org","@graph":[{"@type":"WebPage","@id":"https:\/\/csc.ee\/et\/it-lahenduste-muugijuht\/","url":"https:\/\/csc.ee\/et\/it-lahenduste-muugijuht\/","name":"IT lahenduste m\u00fc\u00fcgijuht (B2B) | CSC Telecom","isPartOf":{"@id":"https:\/\/csc.ee\/et\/#website"},"datePublished":"2026-03-24T10:50:05+00:00","dateModified":"2026-03-24T10:50:07+00:00","breadcrumb":{"@id":"https:\/\/csc.ee\/et\/it-lahenduste-muugijuht\/#breadcrumb"},"inLanguage":"et","potentialAction":[{"@type":"ReadAction","target":["https:\/\/csc.ee\/et\/it-lahenduste-muugijuht\/"]}]},{"@type":"BreadcrumbList","@id":"https:\/\/csc.ee\/et\/it-lahenduste-muugijuht\/#breadcrumb","itemListElement":[{"@type":"ListItem","position":1,"name":"Home","item":"https:\/\/csc.ee\/et\/csc-telecom\/"},{"@type":"ListItem","position":2,"name":"IT lahenduste m\u00fc\u00fcgijuht (B2B)"}]},{"@type":"WebSite","@id":"https:\/\/csc.ee\/et\/#website","url":"https:\/\/csc.ee\/et\/","name":"CSC Telecom","description":"","potentialAction":[{"@type":"SearchAction","target":{"@type":"EntryPoint","urlTemplate":"https:\/\/csc.ee\/et\/?s={search_term_string}"},"query-input":{"@type":"PropertyValueSpecification","valueRequired":true,"valueName":"search_term_string"}}],"inLanguage":"et"}]}},"_links":{"self":[{"href":"https:\/\/csc.ee\/et\/wp-json\/wp\/v2\/pages\/3496","targetHints":{"allow":["GET"]}}],"collection":[{"href":"https:\/\/csc.ee\/et\/wp-json\/wp\/v2\/pages"}],"about":[{"href":"https:\/\/csc.ee\/et\/wp-json\/wp\/v2\/types\/page"}],"author":[{"embeddable":true,"href":"https:\/\/csc.ee\/et\/wp-json\/wp\/v2\/users\/3"}],"replies":[{"embeddable":true,"href":"https:\/\/csc.ee\/et\/wp-json\/wp\/v2\/comments?post=3496"}],"version-history":[{"count":1,"href":"https:\/\/csc.ee\/et\/wp-json\/wp\/v2\/pages\/3496\/revisions"}],"predecessor-version":[{"id":3497,"href":"https:\/\/csc.ee\/et\/wp-json\/wp\/v2\/pages\/3496\/revisions\/3497"}],"wp:attachment":[{"href":"https:\/\/csc.ee\/et\/wp-json\/wp\/v2\/media?parent=3496"}],"curies":[{"name":"wp","href":"https:\/\/api.w.org\/{rel}","templated":true}]}}