{"id":3515,"date":"2026-03-25T14:06:48","date_gmt":"2026-03-25T14:06:48","guid":{"rendered":"https:\/\/csc.ee\/?page_id=3515"},"modified":"2026-03-25T14:06:49","modified_gmt":"2026-03-25T14:06:49","slug":"tco","status":"publish","type":"page","link":"https:\/\/csc.ee\/et\/tco\/","title":{"rendered":"Terroristliku veebisisu t\u00f5kestamine"},"content":{"rendered":"    <div class=\"container narrow-4\">\r\n\n\n\n<h1 class=\"wp-block-heading\">Terroristliku veebisisu t\u00f5kestamine<\/h1>\n\n\n\n<div style=\"height:69px\" aria-hidden=\"true\" class=\"wp-block-spacer\"><\/div>\n\n\n\n<p>CSC Telecom Estonia O\u00dc rakendab meetmeid terroristliku veebisisu levitamise t\u00f5kestamiseks vastavalt m\u00e4\u00e4rusele (EL) 2021\/784.<\/p>\n\n\n\n<p><strong>Meie meetmed<br><\/strong>Tuvastatud keelatud sisu eemaldatakse viivitamatult.<br>Ametiasutuste eemaldamiskorraldusi menetleme \u00fche tunni jooksul.<\/p>\n\n\n\n<p><strong>Kasutame:<\/strong><strong><\/strong><\/p>\n\n\n\n<ul class=\"wp-block-list\">\n<li>modereerimist<\/li>\n\n\n\n<li>kasutajate teavitusi<\/li>\n\n\n\n<li>logide j\u00e4lgimist<\/li>\n\n\n\n<li>k\u00e4sitsi kontrolli<\/li>\n<\/ul>\n\n\n\n<p><strong>Keelatud sisu tuvastamine<br><\/strong>V\u00f5ime kasutada automaatseid vahendeid (nt m\u00e4rks\u00f5nad).<br>Juhtumid kontrollib t\u00f6\u00f6taja.<\/p>\n\n\n\n<p><strong>Kasutaja teavitamine<br><\/strong>Sisu eemaldamisel teavitame kasutajat, kui seadus lubab.<\/p>\n\n\n\n<p><strong>Andmete s\u00e4ilitamine<br><\/strong>Eemaldatud sisu s\u00e4ilitame kuni 6 kuud.<br>Ligip\u00e4\u00e4s on ainult ametiasutustel ja kohtul.<\/p>\n\n\n\n<p><strong>Kaebused<br><\/strong>Kaebused saab saata:<br>klienditugi@csc.ee<\/p>\n\n\n\n<div style=\"height:69px\" aria-hidden=\"true\" class=\"wp-block-spacer\"><\/div>\n\n\n\r\n<div class=\"csc-block-contact-form csc-block\">\r\n\r\n            <h3 class=\"title h3 text-center\">V\u00f5ta meiega \u00fchendust!<\/h3>\r\n    \r\n            <div class=\"container narrow-5\">\r\n            \n<div class=\"wpcf7 no-js\" id=\"wpcf7-f1518-o1\" lang=\"lv-LV\" dir=\"ltr\" data-wpcf7-id=\"1518\">\n<div class=\"screen-reader-response\"><p role=\"status\" aria-live=\"polite\" aria-atomic=\"true\"><\/p> <ul><\/ul><\/div>\n<form action=\"\/et\/wp-json\/wp\/v2\/pages\/3515#wpcf7-f1518-o1\" method=\"post\" class=\"wpcf7-form init\" aria-label=\"Contact form\" novalidate=\"novalidate\" data-status=\"init\">\n<fieldset class=\"hidden-fields-container\"><input type=\"hidden\" name=\"_wpcf7\" value=\"1518\" \/><input type=\"hidden\" name=\"_wpcf7_version\" value=\"6.1.5\" \/><input type=\"hidden\" name=\"_wpcf7_locale\" value=\"lv_LV\" \/><input type=\"hidden\" name=\"_wpcf7_unit_tag\" value=\"wpcf7-f1518-o1\" \/><input type=\"hidden\" name=\"_wpcf7_container_post\" value=\"0\" \/><input type=\"hidden\" name=\"_wpcf7_posted_data_hash\" value=\"\" \/>\n<\/fieldset>\n<div class=\"c-row-1 c-row\">\n  <div class=\"c-col\" data-an-type=\"single\" data-an=\"fade-in-from-left\">\n    <label class=\"input-block\">\n      <span class=\"label\">Nimi<\/span>\n      <div class=\"input-wrap\">\n        <span class=\"wpcf7-form-control-wrap\" data-name=\"your-name\"><input size=\"40\" maxlength=\"400\" class=\"wpcf7-form-control wpcf7-text wpcf7-validates-as-required input\" aria-required=\"true\" aria-invalid=\"false\" value=\"\" type=\"text\" name=\"your-name\" \/><\/span>\n      <\/div>\n    <\/label>\n<span id=\"wpcf7-69d3179488556-wrapper\" class=\"wpcf7-form-control-wrap your-first-name-wrap\" style=\"display:none !important; visibility:hidden !important;\"><label for=\"wpcf7-69d3179488556-field\" class=\"hp-message\">Please leave this field empty.<\/label><input id=\"wpcf7-69d3179488556-field\"  class=\"wpcf7-form-control wpcf7-text\" type=\"text\" name=\"your-first-name\" value=\"\" size=\"40\" tabindex=\"-1\" autocomplete=\"new-password\" \/><\/span>\n    <label class=\"input-block\">\n      <span class=\"label\">E-mail<\/span>\n      <div class=\"input-wrap\">\n        <span class=\"wpcf7-form-control-wrap\" data-name=\"your-email\"><input size=\"40\" maxlength=\"400\" class=\"wpcf7-form-control wpcf7-email wpcf7-validates-as-required wpcf7-text wpcf7-validates-as-email input\" aria-required=\"true\" aria-invalid=\"false\" value=\"\" type=\"email\" name=\"your-email\" \/><\/span>\n      <\/div>\n    <\/label>\n    <label class=\"input-block\">\n      <span class=\"label\">Telefoninumber<\/span>\n      <div class=\"input-wrap\">\n        <span class=\"wpcf7-form-control-wrap\" data-name=\"your-phone\"><input size=\"40\" maxlength=\"400\" class=\"wpcf7-form-control wpcf7-tel wpcf7-validates-as-required wpcf7-text wpcf7-validates-as-tel input\" aria-required=\"true\" aria-invalid=\"false\" value=\"\" type=\"tel\" name=\"your-phone\" \/><\/span>\n      <\/div>\n    <\/label>\n<span id=\"wpcf7-69d3179488745-wrapper\" class=\"wpcf7-form-control-wrap your-email-address-wrap\" style=\"display:none !important; visibility:hidden !important;\"><label for=\"wpcf7-69d3179488745-field\" class=\"hp-message\">Please leave this field empty.<\/label><input id=\"wpcf7-69d3179488745-field\"  class=\"wpcf7-form-control wpcf7-text\" type=\"text\" name=\"your-email-address\" value=\"\" size=\"40\" tabindex=\"-1\" autocomplete=\"new-password\" \/><\/span>\n  <\/div>\n  <div class=\"c-col\" data-an-type=\"single\" data-an=\"fade-in-from-right\">\n    <label class=\"input-block\">\n      <span class=\"label\">S\u00f5numi tekst<\/span>\n      <div class=\"input-wrap\">\n        <span class=\"wpcf7-form-control-wrap\" data-name=\"your-message\"><textarea cols=\"40\" rows=\"10\" maxlength=\"2000\" class=\"wpcf7-form-control wpcf7-textarea wpcf7-validates-as-required input textarea\" aria-required=\"true\" aria-invalid=\"false\" name=\"your-message\"><\/textarea><\/span>\n      <\/div>\n    <\/label>\n  <\/div>\n<\/div>\n<span id=\"wpcf7-69d3179488900-wrapper\" class=\"wpcf7-form-control-wrap your-website-wrap\" style=\"display:none !important; visibility:hidden !important;\"><label for=\"wpcf7-69d3179488900-field\" class=\"hp-message\">Please leave this field empty.<\/label><input id=\"wpcf7-69d3179488900-field\"  class=\"wpcf7-form-control wpcf7-text\" type=\"text\" name=\"your-website\" value=\"\" size=\"40\" tabindex=\"-1\" autocomplete=\"new-password\" \/><\/span>\n<input type=\"hidden\" name=\"time_stamp\" value=\"1775441812\" \/>\n<div class=\"c-row\">\n  <div class=\"c-col\" data-an-type=\"single\" data-an=\"fade-in-from-left\">\n    <div class=\"wpcf7-turnstile cf-turnstile\" data-sitekey=\"0x4AAAAAAB0wyKEH3Af1cvkd\" data-response-field-name=\"_wpcf7_turnstile_response\"><\/div>\n  <\/div>\n  <div class=\"c-col\" data-an-type=\"single\" data-an=\"fade-in-from-right\">\n    <div class=\"flex\">\n      <div class=\"submit-wrap m-l-auto\">\n        <input class=\"wpcf7-form-control wpcf7-submit has-spinner btn btn-default large size-1\" type=\"submit\" value=\"Saada\" \/>\n      <\/div>\n    <\/div>\n  <\/div>\n<\/div><div class=\"wpcf7-response-output\" aria-hidden=\"true\"><\/div>\n<\/form>\n<\/div>\n        <\/div>\r\n    \r\n<\/div>\n\n    <\/div>\r\n","protected":false},"excerpt":{"rendered":"Terroristliku veebisisu t\u00f5kestamine CSC Telecom Estonia O\u00dc rakendab meetmeid terroristliku veebisisu levitamise t\u00f5kestamiseks vastavalt m\u00e4\u00e4rusele (EL) 2021\/784. Meie meetmedTuvastatud keelatud sisu eemaldatakse viivitamatult.Ametiasutuste eemaldamiskorraldusi menetleme \u00fche tunni jooksul. Kasutame: Keelatud sisu tuvastamineV\u00f5ime kasutada automaatseid vahendeid (nt m\u00e4rks\u00f5nad).Juhtumid kontrollib t\u00f6\u00f6taja. Kasutaja teavitamineSisu eemaldamisel teavitame kasutajat, kui seadus lubab. Andmete s\u00e4ilitamineEemaldatud sisu s\u00e4ilitame kuni 6 kuud.Ligip\u00e4\u00e4s on [&hellip;]","protected":false},"author":3,"featured_media":0,"parent":0,"menu_order":19,"comment_status":"closed","ping_status":"closed","template":"templates\/contacts.php","meta":{"_acf_changed":false,"footnotes":""},"class_list":["post-3515","page","type-page","status-publish","hentry"],"acf":[],"yoast_head":"<!-- This site is optimized with the Yoast SEO plugin v26.9 - https:\/\/yoast.com\/product\/yoast-seo-wordpress\/ -->\n<title>Terroristliku veebisisu t\u00f5kestamine | CSC Telecom<\/title>\n<meta name=\"robots\" content=\"index, follow, max-snippet:-1, max-image-preview:large, max-video-preview:-1\" \/>\n<link rel=\"canonical\" href=\"https:\/\/csc.ee\/et\/tco\/\" \/>\n<meta property=\"og:locale\" content=\"et_EE\" \/>\n<meta property=\"og:type\" content=\"article\" \/>\n<meta property=\"og:title\" content=\"Terroristliku veebisisu t\u00f5kestamine | CSC Telecom\" \/>\n<meta property=\"og:description\" content=\"Terroristliku veebisisu t\u00f5kestamine CSC Telecom Estonia O\u00dc rakendab meetmeid terroristliku veebisisu levitamise t\u00f5kestamiseks vastavalt m\u00e4\u00e4rusele (EL) 2021\/784. Meie meetmedTuvastatud keelatud sisu eemaldatakse viivitamatult.Ametiasutuste eemaldamiskorraldusi menetleme \u00fche tunni jooksul. Kasutame: Keelatud sisu tuvastamineV\u00f5ime kasutada automaatseid vahendeid (nt m\u00e4rks\u00f5nad).Juhtumid kontrollib t\u00f6\u00f6taja. Kasutaja teavitamineSisu eemaldamisel teavitame kasutajat, kui seadus lubab. Andmete s\u00e4ilitamineEemaldatud sisu s\u00e4ilitame kuni 6 kuud.Ligip\u00e4\u00e4s on [&hellip;]\" \/>\n<meta property=\"og:url\" content=\"https:\/\/csc.ee\/et\/tco\/\" \/>\n<meta property=\"og:site_name\" content=\"CSC Telecom\" \/>\n<meta property=\"article:modified_time\" content=\"2026-03-25T14:06:49+00:00\" \/>\n<meta name=\"twitter:card\" content=\"summary_large_image\" \/>\n<meta name=\"twitter:label1\" content=\"Est. reading time\" \/>\n\t<meta name=\"twitter:data1\" content=\"1 minut\" \/>\n<script type=\"application\/ld+json\" class=\"yoast-schema-graph\">{\"@context\":\"https:\/\/schema.org\",\"@graph\":[{\"@type\":\"WebPage\",\"@id\":\"https:\/\/csc.ee\/et\/tco\/\",\"url\":\"https:\/\/csc.ee\/et\/tco\/\",\"name\":\"Terroristliku veebisisu t\u00f5kestamine | CSC Telecom\",\"isPartOf\":{\"@id\":\"https:\/\/csc.ee\/et\/#website\"},\"datePublished\":\"2026-03-25T14:06:48+00:00\",\"dateModified\":\"2026-03-25T14:06:49+00:00\",\"breadcrumb\":{\"@id\":\"https:\/\/csc.ee\/et\/tco\/#breadcrumb\"},\"inLanguage\":\"et\",\"potentialAction\":[{\"@type\":\"ReadAction\",\"target\":[\"https:\/\/csc.ee\/et\/tco\/\"]}]},{\"@type\":\"BreadcrumbList\",\"@id\":\"https:\/\/csc.ee\/et\/tco\/#breadcrumb\",\"itemListElement\":[{\"@type\":\"ListItem\",\"position\":1,\"name\":\"Home\",\"item\":\"https:\/\/csc.ee\/et\/csc-telecom\/\"},{\"@type\":\"ListItem\",\"position\":2,\"name\":\"Terroristliku veebisisu t\u00f5kestamine\"}]},{\"@type\":\"WebSite\",\"@id\":\"https:\/\/csc.ee\/et\/#website\",\"url\":\"https:\/\/csc.ee\/et\/\",\"name\":\"CSC Telecom\",\"description\":\"\",\"potentialAction\":[{\"@type\":\"SearchAction\",\"target\":{\"@type\":\"EntryPoint\",\"urlTemplate\":\"https:\/\/csc.ee\/et\/?s={search_term_string}\"},\"query-input\":{\"@type\":\"PropertyValueSpecification\",\"valueRequired\":true,\"valueName\":\"search_term_string\"}}],\"inLanguage\":\"et\"}]}<\/script>\n<!-- \/ Yoast SEO plugin. -->","yoast_head_json":{"title":"Terroristliku veebisisu t\u00f5kestamine | CSC Telecom","robots":{"index":"index","follow":"follow","max-snippet":"max-snippet:-1","max-image-preview":"max-image-preview:large","max-video-preview":"max-video-preview:-1"},"canonical":"https:\/\/csc.ee\/et\/tco\/","og_locale":"et_EE","og_type":"article","og_title":"Terroristliku veebisisu t\u00f5kestamine | CSC Telecom","og_description":"Terroristliku veebisisu t\u00f5kestamine CSC Telecom Estonia O\u00dc rakendab meetmeid terroristliku veebisisu levitamise t\u00f5kestamiseks vastavalt m\u00e4\u00e4rusele (EL) 2021\/784. Meie meetmedTuvastatud keelatud sisu eemaldatakse viivitamatult.Ametiasutuste eemaldamiskorraldusi menetleme \u00fche tunni jooksul. Kasutame: Keelatud sisu tuvastamineV\u00f5ime kasutada automaatseid vahendeid (nt m\u00e4rks\u00f5nad).Juhtumid kontrollib t\u00f6\u00f6taja. Kasutaja teavitamineSisu eemaldamisel teavitame kasutajat, kui seadus lubab. Andmete s\u00e4ilitamineEemaldatud sisu s\u00e4ilitame kuni 6 kuud.Ligip\u00e4\u00e4s on [&hellip;]","og_url":"https:\/\/csc.ee\/et\/tco\/","og_site_name":"CSC Telecom","article_modified_time":"2026-03-25T14:06:49+00:00","twitter_card":"summary_large_image","twitter_misc":{"Est. reading time":"1 minut"},"schema":{"@context":"https:\/\/schema.org","@graph":[{"@type":"WebPage","@id":"https:\/\/csc.ee\/et\/tco\/","url":"https:\/\/csc.ee\/et\/tco\/","name":"Terroristliku veebisisu t\u00f5kestamine | CSC Telecom","isPartOf":{"@id":"https:\/\/csc.ee\/et\/#website"},"datePublished":"2026-03-25T14:06:48+00:00","dateModified":"2026-03-25T14:06:49+00:00","breadcrumb":{"@id":"https:\/\/csc.ee\/et\/tco\/#breadcrumb"},"inLanguage":"et","potentialAction":[{"@type":"ReadAction","target":["https:\/\/csc.ee\/et\/tco\/"]}]},{"@type":"BreadcrumbList","@id":"https:\/\/csc.ee\/et\/tco\/#breadcrumb","itemListElement":[{"@type":"ListItem","position":1,"name":"Home","item":"https:\/\/csc.ee\/et\/csc-telecom\/"},{"@type":"ListItem","position":2,"name":"Terroristliku veebisisu t\u00f5kestamine"}]},{"@type":"WebSite","@id":"https:\/\/csc.ee\/et\/#website","url":"https:\/\/csc.ee\/et\/","name":"CSC Telecom","description":"","potentialAction":[{"@type":"SearchAction","target":{"@type":"EntryPoint","urlTemplate":"https:\/\/csc.ee\/et\/?s={search_term_string}"},"query-input":{"@type":"PropertyValueSpecification","valueRequired":true,"valueName":"search_term_string"}}],"inLanguage":"et"}]}},"_links":{"self":[{"href":"https:\/\/csc.ee\/et\/wp-json\/wp\/v2\/pages\/3515","targetHints":{"allow":["GET"]}}],"collection":[{"href":"https:\/\/csc.ee\/et\/wp-json\/wp\/v2\/pages"}],"about":[{"href":"https:\/\/csc.ee\/et\/wp-json\/wp\/v2\/types\/page"}],"author":[{"embeddable":true,"href":"https:\/\/csc.ee\/et\/wp-json\/wp\/v2\/users\/3"}],"replies":[{"embeddable":true,"href":"https:\/\/csc.ee\/et\/wp-json\/wp\/v2\/comments?post=3515"}],"version-history":[{"count":6,"href":"https:\/\/csc.ee\/et\/wp-json\/wp\/v2\/pages\/3515\/revisions"}],"predecessor-version":[{"id":3521,"href":"https:\/\/csc.ee\/et\/wp-json\/wp\/v2\/pages\/3515\/revisions\/3521"}],"wp:attachment":[{"href":"https:\/\/csc.ee\/et\/wp-json\/wp\/v2\/media?parent=3515"}],"curies":[{"name":"wp","href":"https:\/\/api.w.org\/{rel}","templated":true}]}}